{"id":125,"date":"2024-03-19T14:28:13","date_gmt":"2024-03-19T14:28:13","guid":{"rendered":"https:\/\/ruggero:8890\/?page_id=125"},"modified":"2026-03-16T09:41:14","modified_gmt":"2026-03-16T09:41:14","slug":"o-nama","status":"publish","type":"page","link":"https:\/\/wildplanthealth.com\/cs\/o-nama\/","title":{"rendered":"O n\u00e1s"},"content":{"rendered":"<div data-elementor-type=\"wp-page\" data-elementor-id=\"125\" class=\"elementor elementor-125\" data-elementor-post-type=\"page\">\n\t\t\t\t<div class=\"elementor-element elementor-element-32ae17a3 e-flex e-con-boxed e-con e-parent\" data-id=\"32ae17a3\" data-element_type=\"container\" data-e-type=\"container\" data-settings=\"{&quot;background_background&quot;:&quot;classic&quot;}\">\n\t\t\t\t\t<div class=\"e-con-inner\">\n\t\t<div class=\"elementor-element elementor-element-362bf390 e-con-full e-flex e-con e-child\" data-id=\"362bf390\" data-element_type=\"container\" data-e-type=\"container\" data-settings=\"{&quot;background_background&quot;:&quot;classic&quot;}\">\n\t\t\t\t<div class=\"elementor-element elementor-element-70edeb97 elementor-widget elementor-widget-heading\" data-id=\"70edeb97\" data-element_type=\"widget\" data-e-type=\"widget\" data-widget_type=\"heading.default\">\n\t\t\t\t<div class=\"elementor-widget-container\">\n\t\t\t\t\t<h1 class=\"elementor-heading-title elementor-size-default\">O n\u00e1s<\/h1>\t\t\t\t<\/div>\n\t\t\t\t<\/div>\n\t\t\t\t<\/div>\n\t\t\t\t\t<\/div>\n\t\t\t\t<\/div>\n\t\t<div class=\"elementor-element elementor-element-c16d3b8 e-flex e-con-boxed e-con e-parent\" data-id=\"c16d3b8\" data-element_type=\"container\" data-e-type=\"container\" data-settings=\"{&quot;background_background&quot;:&quot;classic&quot;}\">\n\t\t\t\t\t<div class=\"e-con-inner\">\n\t\t<div class=\"elementor-element elementor-element-56d4ddb4 e-con-full e-flex e-con e-child\" data-id=\"56d4ddb4\" data-element_type=\"container\" data-e-type=\"container\">\n\t\t<div class=\"elementor-element elementor-element-27c100ad e-flex e-con-boxed e-con e-child\" data-id=\"27c100ad\" data-element_type=\"container\" data-e-type=\"container\">\n\t\t\t\t\t<div class=\"e-con-inner\">\n\t\t\t\t<div class=\"elementor-element elementor-element-3471d593 elementor-invisible elementor-widget elementor-widget-image\" data-id=\"3471d593\" data-element_type=\"widget\" data-e-type=\"widget\" data-settings=\"{&quot;motion_fx_motion_fx_scrolling&quot;:&quot;yes&quot;,&quot;motion_fx_translateY_effect&quot;:&quot;yes&quot;,&quot;motion_fx_translateY_speed&quot;:{&quot;unit&quot;:&quot;px&quot;,&quot;size&quot;:&quot;2&quot;,&quot;sizes&quot;:[]},&quot;motion_fx_devices&quot;:[&quot;desktop&quot;],&quot;_animation&quot;:&quot;fadeIn&quot;,&quot;motion_fx_translateY_affectedRange&quot;:{&quot;unit&quot;:&quot;%&quot;,&quot;size&quot;:&quot;&quot;,&quot;sizes&quot;:{&quot;start&quot;:0,&quot;end&quot;:100}}}\" data-widget_type=\"image.default\">\n\t\t\t\t<div class=\"elementor-widget-container\">\n\t\t\t\t\t\t\t\t\t\t\t\t\t\t\t<img fetchpriority=\"high\" decoding=\"async\" width=\"683\" height=\"1024\" src=\"https:\/\/wildplanthealth.com\/wp-content\/uploads\/2026\/03\/WhatsApp-Image-2026-03-14-at-10.53.00-683x1024.jpeg\" class=\"attachment-large size-large wp-image-992\" alt=\"\" srcset=\"https:\/\/wildplanthealth.com\/wp-content\/uploads\/2026\/03\/WhatsApp-Image-2026-03-14-at-10.53.00-683x1024.jpeg 683w, https:\/\/wildplanthealth.com\/wp-content\/uploads\/2026\/03\/WhatsApp-Image-2026-03-14-at-10.53.00-200x300.jpeg 200w, https:\/\/wildplanthealth.com\/wp-content\/uploads\/2026\/03\/WhatsApp-Image-2026-03-14-at-10.53.00-768x1152.jpeg 768w, https:\/\/wildplanthealth.com\/wp-content\/uploads\/2026\/03\/WhatsApp-Image-2026-03-14-at-10.53.00-8x12.jpeg 8w, https:\/\/wildplanthealth.com\/wp-content\/uploads\/2026\/03\/WhatsApp-Image-2026-03-14-at-10.53.00-600x900.jpeg 600w, https:\/\/wildplanthealth.com\/wp-content\/uploads\/2026\/03\/WhatsApp-Image-2026-03-14-at-10.53.00-64x96.jpeg 64w, https:\/\/wildplanthealth.com\/wp-content\/uploads\/2026\/03\/WhatsApp-Image-2026-03-14-at-10.53.00.jpeg 1024w\" sizes=\"(max-width: 683px) 100vw, 683px\" \/>\t\t\t\t\t\t\t\t\t\t\t\t\t\t\t<\/div>\n\t\t\t\t<\/div>\n\t\t\t\t\t<\/div>\n\t\t\t\t<\/div>\n\t\t<div class=\"elementor-element elementor-element-41faaa67 elementor-hidden-mobile e-flex e-con-boxed e-con e-child\" data-id=\"41faaa67\" data-element_type=\"container\" data-e-type=\"container\">\n\t\t\t\t\t<div class=\"e-con-inner\">\n\t\t\t\t<div class=\"elementor-element elementor-element-5bd1f97 elementor-invisible elementor-widget elementor-widget-image\" data-id=\"5bd1f97\" data-element_type=\"widget\" data-e-type=\"widget\" data-settings=\"{&quot;motion_fx_motion_fx_scrolling&quot;:&quot;yes&quot;,&quot;motion_fx_translateY_effect&quot;:&quot;yes&quot;,&quot;motion_fx_translateY_direction&quot;:&quot;negative&quot;,&quot;motion_fx_translateY_speed&quot;:{&quot;unit&quot;:&quot;px&quot;,&quot;size&quot;:&quot;2&quot;,&quot;sizes&quot;:[]},&quot;motion_fx_devices&quot;:[&quot;desktop&quot;],&quot;_animation&quot;:&quot;fadeIn&quot;,&quot;motion_fx_translateY_affectedRange&quot;:{&quot;unit&quot;:&quot;%&quot;,&quot;size&quot;:&quot;&quot;,&quot;sizes&quot;:{&quot;start&quot;:0,&quot;end&quot;:100}}}\" data-widget_type=\"image.default\">\n\t\t\t\t<div class=\"elementor-widget-container\">\n\t\t\t\t\t\t\t\t\t\t\t\t\t\t\t<img decoding=\"async\" width=\"683\" height=\"1024\" src=\"https:\/\/wildplanthealth.com\/wp-content\/uploads\/2024\/03\/WhatsApp-Image-2026-02-05-at-12.42.52-683x1024.jpeg\" class=\"attachment-large size-large wp-image-410\" alt=\"\" srcset=\"https:\/\/wildplanthealth.com\/wp-content\/uploads\/2024\/03\/WhatsApp-Image-2026-02-05-at-12.42.52-683x1024.jpeg 683w, https:\/\/wildplanthealth.com\/wp-content\/uploads\/2024\/03\/WhatsApp-Image-2026-02-05-at-12.42.52-200x300.jpeg 200w, https:\/\/wildplanthealth.com\/wp-content\/uploads\/2024\/03\/WhatsApp-Image-2026-02-05-at-12.42.52-768x1152.jpeg 768w, https:\/\/wildplanthealth.com\/wp-content\/uploads\/2024\/03\/WhatsApp-Image-2026-02-05-at-12.42.52-1024x1536.jpeg 1024w, https:\/\/wildplanthealth.com\/wp-content\/uploads\/2024\/03\/WhatsApp-Image-2026-02-05-at-12.42.52-8x12.jpeg 8w, https:\/\/wildplanthealth.com\/wp-content\/uploads\/2024\/03\/WhatsApp-Image-2026-02-05-at-12.42.52-600x900.jpeg 600w, https:\/\/wildplanthealth.com\/wp-content\/uploads\/2024\/03\/WhatsApp-Image-2026-02-05-at-12.42.52.jpeg 1365w\" sizes=\"(max-width: 683px) 100vw, 683px\" \/>\t\t\t\t\t\t\t\t\t\t\t\t\t\t\t<\/div>\n\t\t\t\t<\/div>\n\t\t\t\t\t<\/div>\n\t\t\t\t<\/div>\n\t\t\t\t<\/div>\n\t\t<div class=\"elementor-element elementor-element-77b75973 e-con-full e-flex elementor-invisible e-con e-child\" data-id=\"77b75973\" data-element_type=\"container\" data-e-type=\"container\" data-settings=\"{&quot;animation&quot;:&quot;fadeIn&quot;}\">\n\t\t\t\t<div class=\"elementor-element elementor-element-2b52a31e elementor-widget elementor-widget-heading\" data-id=\"2b52a31e\" data-element_type=\"widget\" data-e-type=\"widget\" data-widget_type=\"heading.default\">\n\t\t\t\t<div class=\"elementor-widget-container\">\n\t\t\t\t\t<h5 class=\"elementor-heading-title elementor-size-default\">Zdrav\u00ed voln\u011b \u017eij\u00edc\u00edch rostlin<\/h5>\t\t\t\t<\/div>\n\t\t\t\t<\/div>\n\t\t\t\t<div class=\"elementor-element elementor-element-6bea1467 elementor-widget elementor-widget-heading\" data-id=\"6bea1467\" data-element_type=\"widget\" data-e-type=\"widget\" data-widget_type=\"heading.default\">\n\t\t\t\t<div class=\"elementor-widget-container\">\n\t\t\t\t\t<h2 class=\"elementor-heading-title elementor-size-default\">O n\u00e1s<\/h2>\t\t\t\t<\/div>\n\t\t\t\t<\/div>\n\t\t\t\t<div class=\"elementor-element elementor-element-a153936 elementor-widget elementor-widget-text-editor\" data-id=\"a153936\" data-element_type=\"widget\" data-e-type=\"widget\" data-widget_type=\"text-editor.default\">\n\t\t\t\t<div class=\"elementor-widget-container\">\n\t\t\t\t\t\t\t\t\t<p>Na\u0161\u00edm posl\u00e1n\u00edm je kombinovat starobyl\u00e9 a modern\u00ed znalosti s nejnov\u011bj\u0161\u00edmi pokro\u010dil\u00fdmi technologiemi k v\u00fdrob\u011b nejzdrav\u011bj\u0161\u00edch autentick\u00fdch rostlinn\u00fdch extrakt\u016f a souvisej\u00edc\u00edch produkt\u016f dostupn\u00fdch na trhu.<\/p><p>D\u00edky lipozom\u00e1ln\u00ed formulaci jsou \u00fa\u010dinn\u00e9 l\u00e1tky \u00fa\u010dinn\u011bji vst\u0159eb\u00e1v\u00e1ny a p\u016fsob\u00ed c\u00edlen\u011b. N\u00e1\u0161 trojit\u00fd proces extrakce rostlin \u2013 ka\u017ed\u00fd zvl\u00e1\u0161\u0165 (etanol, voda, olej MCT) \u2013 v kombinaci s nejmodern\u011bj\u0161\u00edmi technologiemi je navr\u017een tak, aby shroma\u017e\u010foval a uchov\u00e1val v\u0161echny u\u017eite\u010dn\u00e9 rostlinn\u00e9 slou\u010deniny, co\u017e d\u00e1v\u00e1 na\u0161im extrakt\u016fm FEXO novou \u00farove\u0148 terapeutick\u00e9 a preventivn\u00ed \u00fa\u010dinnosti a nab\u00edz\u00ed optim\u00e1ln\u00ed \u0159e\u0161en\u00ed r\u016fzn\u00fdch probl\u00e9m\u016f.<\/p><p>Pou\u017e\u00edv\u00e1me pouze plan\u011b rostouc\u00ed rostliny a rostliny p\u011bstovan\u00e9 na ekologick\u00fdch farm\u00e1ch.<\/p><p>Na\u0161\u00ed viz\u00ed je nab\u00eddnout v\u00e1m to nejlep\u0161\u00ed z p\u0159\u00edrody na jednom m\u00edst\u011b, v\u010detn\u011b v\u0161ech nejd\u016fle\u017eit\u011bj\u0161\u00edch l\u00e9\u010div\u00fdch rostlin na sv\u011bt\u011b.<\/p><p>V na\u0161ich v\u00fdrobc\u00edch nikdy nepou\u017e\u00edv\u00e1me syntetick\u00e9 slou\u010deniny nebo izol\u00e1ty, ale pouze zcela \u010dist\u00e9 a p\u0159\u00edrodn\u00ed kombinace ingredienc\u00ed.<\/p><p>Ke ka\u017ed\u00e9mu z na\u0161ich v\u00fdrobk\u016f je p\u0159ilo\u017eena bro\u017eura s \u00fapln\u00fdmi a transparentn\u00edmi informacemi.<\/p>\t\t\t\t\t\t\t\t<\/div>\n\t\t\t\t<\/div>\n\t\t\t\t<\/div>\n\t\t\t\t\t<\/div>\n\t\t\t\t<\/div>\n\t\t\t\t<\/div>","protected":false},"excerpt":{"rendered":"<p>Na\u0161\u00edm posl\u00e1n\u00edm je kombinovat starobyl\u00e9 a modern\u00ed znalosti s nejnov\u011bj\u0161\u00edmi pokro\u010dil\u00fdmi technologiemi a vyr\u00e1b\u011bt nejzdrav\u011bj\u0161\u00ed autentick\u00e9 rostlinn\u00e9 v\u00fdta\u017eky a souvisej\u00edc\u00ed produkty dostupn\u00e9 na trhu. D\u00edky lipozom\u00e1ln\u00ed formulaci jsou \u00fa\u010dinn\u00e9 l\u00e1tky \u00fa\u010dinn\u011bji vst\u0159eb\u00e1v\u00e1ny a p\u016fsob\u00ed c\u00edlen\u011b. N\u00e1\u0161 proces trojit\u00e9 extrakce rostlin \u2013 ka\u017ed\u00fd zvl\u00e1\u0161\u0165 (etanol, voda, MCT olej) \u2013 v [\u2026]<\/p>","protected":false},"author":4,"featured_media":0,"parent":0,"menu_order":0,"comment_status":"closed","ping_status":"closed","template":"elementor_header_footer","meta":{"footnotes":""},"class_list":["post-125","page","type-page","status-publish","hentry"],"yoast_head":"<!-- This site is optimized with the Yoast SEO plugin v27.3 - https:\/\/yoast.com\/product\/yoast-seo-wordpress\/ -->\n<title>O nama - Wild Plant Health<\/title>\n<meta name=\"robots\" content=\"index, follow, max-snippet:-1, max-image-preview:large, max-video-preview:-1\" \/>\n<link rel=\"canonical\" href=\"https:\/\/wildplanthealth.com\/cs\/o-nama\/\" \/>\n<meta property=\"og:locale\" content=\"cs_CZ\" \/>\n<meta property=\"og:type\" content=\"article\" \/>\n<meta property=\"og:title\" content=\"O nama - Wild Plant Health\" \/>\n<meta property=\"og:description\" content=\"Wild Plant health O nama Na\u0161a je misija kombinirati drevna i moderna znanja s najnovijim naprednim tehnologijama kako bismo proizveli najzdravije autenti\u010dne biljne ekstrakte i srodne proizvode dostupne na tr\u017ei\u0161tu. Zahvaljuju\u0107i liposomskoj formulaciji, aktivni sastojci se u\u010dinkovitije apsorbiraju i djeluju ciljano. Na\u0161 trostruki proces ekstrakcije biljaka &#8211; svaki zasebno (etanol, voda, MCT ulje) &#8211; u [&hellip;]\" \/>\n<meta property=\"og:url\" content=\"https:\/\/wildplanthealth.com\/cs\/o-nama\/\" \/>\n<meta property=\"og:site_name\" content=\"Wild Plant Health\" \/>\n<meta property=\"article:modified_time\" content=\"2026-03-16T09:41:14+00:00\" \/>\n<meta property=\"og:image\" content=\"https:\/\/wildplanthealth.com\/wp-content\/uploads\/2026\/03\/WhatsApp-Image-2026-03-14-at-10.53.00-683x1024.jpeg\" \/>\n<meta name=\"twitter:card\" content=\"summary_large_image\" \/>\n<meta name=\"twitter:label1\" content=\"Odhadovan\u00e1 doba \u010dten\u00ed\" \/>\n\t<meta name=\"twitter:data1\" content=\"2 minutes\" \/>\n<script type=\"application\/ld+json\" class=\"yoast-schema-graph\">{\"@context\":\"https:\\\/\\\/schema.org\",\"@graph\":[{\"@type\":\"WebPage\",\"@id\":\"https:\\\/\\\/wildplanthealth.com\\\/o-nama\\\/\",\"url\":\"https:\\\/\\\/wildplanthealth.com\\\/o-nama\\\/\",\"name\":\"O nama - Wild Plant Health\",\"isPartOf\":{\"@id\":\"https:\\\/\\\/wildplanthealth.com\\\/#website\"},\"primaryImageOfPage\":{\"@id\":\"https:\\\/\\\/wildplanthealth.com\\\/o-nama\\\/#primaryimage\"},\"image\":{\"@id\":\"https:\\\/\\\/wildplanthealth.com\\\/o-nama\\\/#primaryimage\"},\"thumbnailUrl\":\"https:\\\/\\\/wildplanthealth.com\\\/wp-content\\\/uploads\\\/2026\\\/03\\\/WhatsApp-Image-2026-03-14-at-10.53.00-683x1024.jpeg\",\"datePublished\":\"2024-03-19T14:28:13+00:00\",\"dateModified\":\"2026-03-16T09:41:14+00:00\",\"breadcrumb\":{\"@id\":\"https:\\\/\\\/wildplanthealth.com\\\/o-nama\\\/#breadcrumb\"},\"inLanguage\":\"cs-CZ\",\"potentialAction\":[{\"@type\":\"ReadAction\",\"target\":[\"https:\\\/\\\/wildplanthealth.com\\\/o-nama\\\/\"]}]},{\"@type\":\"ImageObject\",\"inLanguage\":\"cs-CZ\",\"@id\":\"https:\\\/\\\/wildplanthealth.com\\\/o-nama\\\/#primaryimage\",\"url\":\"https:\\\/\\\/wildplanthealth.com\\\/wp-content\\\/uploads\\\/2026\\\/03\\\/WhatsApp-Image-2026-03-14-at-10.53.00-683x1024.jpeg\",\"contentUrl\":\"https:\\\/\\\/wildplanthealth.com\\\/wp-content\\\/uploads\\\/2026\\\/03\\\/WhatsApp-Image-2026-03-14-at-10.53.00-683x1024.jpeg\"},{\"@type\":\"BreadcrumbList\",\"@id\":\"https:\\\/\\\/wildplanthealth.com\\\/o-nama\\\/#breadcrumb\",\"itemListElement\":[{\"@type\":\"ListItem\",\"position\":1,\"name\":\"Po\u010detna stranica\",\"item\":\"https:\\\/\\\/wildplanthealth.com\\\/\"},{\"@type\":\"ListItem\",\"position\":2,\"name\":\"O nama\"}]},{\"@type\":\"WebSite\",\"@id\":\"https:\\\/\\\/wildplanthealth.com\\\/#website\",\"url\":\"https:\\\/\\\/wildplanthealth.com\\\/\",\"name\":\"Wild Plant Health\",\"description\":\"\",\"publisher\":{\"@id\":\"https:\\\/\\\/wildplanthealth.com\\\/#organization\"},\"potentialAction\":[{\"@type\":\"SearchAction\",\"target\":{\"@type\":\"EntryPoint\",\"urlTemplate\":\"https:\\\/\\\/wildplanthealth.com\\\/?s={search_term_string}\"},\"query-input\":{\"@type\":\"PropertyValueSpecification\",\"valueRequired\":true,\"valueName\":\"search_term_string\"}}],\"inLanguage\":\"cs-CZ\"},{\"@type\":\"Organization\",\"@id\":\"https:\\\/\\\/wildplanthealth.com\\\/#organization\",\"name\":\"Wild Plant Health\",\"url\":\"https:\\\/\\\/wildplanthealth.com\\\/\",\"logo\":{\"@type\":\"ImageObject\",\"inLanguage\":\"cs-CZ\",\"@id\":\"https:\\\/\\\/wildplanthealth.com\\\/#\\\/schema\\\/logo\\\/image\\\/\",\"url\":\"https:\\\/\\\/wildplanthealth.com\\\/wp-content\\\/uploads\\\/2026\\\/03\\\/logo-1.png\",\"contentUrl\":\"https:\\\/\\\/wildplanthealth.com\\\/wp-content\\\/uploads\\\/2026\\\/03\\\/logo-1.png\",\"width\":1515,\"height\":2001,\"caption\":\"Wild Plant Health\"},\"image\":{\"@id\":\"https:\\\/\\\/wildplanthealth.com\\\/#\\\/schema\\\/logo\\\/image\\\/\"}}]}<\/script>\n<!-- \/ Yoast SEO plugin. -->","yoast_head_json":{"title":"O nama - Wild Plant Health","robots":{"index":"index","follow":"follow","max-snippet":"max-snippet:-1","max-image-preview":"max-image-preview:large","max-video-preview":"max-video-preview:-1"},"canonical":"https:\/\/wildplanthealth.com\/cs\/o-nama\/","og_locale":"cs_CZ","og_type":"article","og_title":"O nama - Wild Plant Health","og_description":"Wild Plant health O nama Na\u0161a je misija kombinirati drevna i moderna znanja s najnovijim naprednim tehnologijama kako bismo proizveli najzdravije autenti\u010dne biljne ekstrakte i srodne proizvode dostupne na tr\u017ei\u0161tu. Zahvaljuju\u0107i liposomskoj formulaciji, aktivni sastojci se u\u010dinkovitije apsorbiraju i djeluju ciljano. Na\u0161 trostruki proces ekstrakcije biljaka &#8211; svaki zasebno (etanol, voda, MCT ulje) &#8211; u [&hellip;]","og_url":"https:\/\/wildplanthealth.com\/cs\/o-nama\/","og_site_name":"Wild Plant Health","article_modified_time":"2026-03-16T09:41:14+00:00","og_image":[{"url":"https:\/\/wildplanthealth.com\/wp-content\/uploads\/2026\/03\/WhatsApp-Image-2026-03-14-at-10.53.00-683x1024.jpeg","type":"","width":"","height":""}],"twitter_card":"summary_large_image","twitter_misc":{"Odhadovan\u00e1 doba \u010dten\u00ed":"2 minutes"},"schema":{"@context":"https:\/\/schema.org","@graph":[{"@type":"WebPage","@id":"https:\/\/wildplanthealth.com\/o-nama\/","url":"https:\/\/wildplanthealth.com\/o-nama\/","name":"O nama - Wild Plant Health","isPartOf":{"@id":"https:\/\/wildplanthealth.com\/#website"},"primaryImageOfPage":{"@id":"https:\/\/wildplanthealth.com\/o-nama\/#primaryimage"},"image":{"@id":"https:\/\/wildplanthealth.com\/o-nama\/#primaryimage"},"thumbnailUrl":"https:\/\/wildplanthealth.com\/wp-content\/uploads\/2026\/03\/WhatsApp-Image-2026-03-14-at-10.53.00-683x1024.jpeg","datePublished":"2024-03-19T14:28:13+00:00","dateModified":"2026-03-16T09:41:14+00:00","breadcrumb":{"@id":"https:\/\/wildplanthealth.com\/o-nama\/#breadcrumb"},"inLanguage":"cs-CZ","potentialAction":[{"@type":"ReadAction","target":["https:\/\/wildplanthealth.com\/o-nama\/"]}]},{"@type":"ImageObject","inLanguage":"cs-CZ","@id":"https:\/\/wildplanthealth.com\/o-nama\/#primaryimage","url":"https:\/\/wildplanthealth.com\/wp-content\/uploads\/2026\/03\/WhatsApp-Image-2026-03-14-at-10.53.00-683x1024.jpeg","contentUrl":"https:\/\/wildplanthealth.com\/wp-content\/uploads\/2026\/03\/WhatsApp-Image-2026-03-14-at-10.53.00-683x1024.jpeg"},{"@type":"BreadcrumbList","@id":"https:\/\/wildplanthealth.com\/o-nama\/#breadcrumb","itemListElement":[{"@type":"ListItem","position":1,"name":"Po\u010detna stranica","item":"https:\/\/wildplanthealth.com\/"},{"@type":"ListItem","position":2,"name":"O nama"}]},{"@type":"WebSite","@id":"https:\/\/wildplanthealth.com\/#website","url":"https:\/\/wildplanthealth.com\/","name":"Wild Plant Health","description":"","publisher":{"@id":"https:\/\/wildplanthealth.com\/#organization"},"potentialAction":[{"@type":"SearchAction","target":{"@type":"EntryPoint","urlTemplate":"https:\/\/wildplanthealth.com\/?s={search_term_string}"},"query-input":{"@type":"PropertyValueSpecification","valueRequired":true,"valueName":"search_term_string"}}],"inLanguage":"cs-CZ"},{"@type":"Organization","@id":"https:\/\/wildplanthealth.com\/#organization","name":"Wild Plant Health","url":"https:\/\/wildplanthealth.com\/","logo":{"@type":"ImageObject","inLanguage":"cs-CZ","@id":"https:\/\/wildplanthealth.com\/#\/schema\/logo\/image\/","url":"https:\/\/wildplanthealth.com\/wp-content\/uploads\/2026\/03\/logo-1.png","contentUrl":"https:\/\/wildplanthealth.com\/wp-content\/uploads\/2026\/03\/logo-1.png","width":1515,"height":2001,"caption":"Wild Plant Health"},"image":{"@id":"https:\/\/wildplanthealth.com\/#\/schema\/logo\/image\/"}}]}},"_links":{"self":[{"href":"https:\/\/wildplanthealth.com\/cs\/wp-json\/wp\/v2\/pages\/125","targetHints":{"allow":["GET"]}}],"collection":[{"href":"https:\/\/wildplanthealth.com\/cs\/wp-json\/wp\/v2\/pages"}],"about":[{"href":"https:\/\/wildplanthealth.com\/cs\/wp-json\/wp\/v2\/types\/page"}],"author":[{"embeddable":true,"href":"https:\/\/wildplanthealth.com\/cs\/wp-json\/wp\/v2\/users\/4"}],"replies":[{"embeddable":true,"href":"https:\/\/wildplanthealth.com\/cs\/wp-json\/wp\/v2\/comments?post=125"}],"version-history":[{"count":25,"href":"https:\/\/wildplanthealth.com\/cs\/wp-json\/wp\/v2\/pages\/125\/revisions"}],"predecessor-version":[{"id":1014,"href":"https:\/\/wildplanthealth.com\/cs\/wp-json\/wp\/v2\/pages\/125\/revisions\/1014"}],"wp:attachment":[{"href":"https:\/\/wildplanthealth.com\/cs\/wp-json\/wp\/v2\/media?parent=125"}],"curies":[{"name":"wp","href":"https:\/\/api.w.org\/{rel}","templated":true}]}}