{"id":278,"date":"2025-11-12T16:26:03","date_gmt":"2025-11-12T16:26:03","guid":{"rendered":"https:\/\/wildplanthealth.com\/?page_id=278"},"modified":"2026-03-13T10:34:32","modified_gmt":"2026-03-13T10:34:32","slug":"pravila-privatnosti","status":"publish","type":"page","link":"https:\/\/wildplanthealth.com\/de\/pravila-privatnosti\/","title":{"rendered":"Datenschutzerkl\u00e4rung"},"content":{"rendered":"<div data-elementor-type=\"wp-page\" data-elementor-id=\"278\" class=\"elementor elementor-278\" data-elementor-post-type=\"page\">\n\t\t\t\t<div class=\"elementor-element elementor-element-dc4cf82 e-flex e-con-boxed e-con e-parent\" data-id=\"dc4cf82\" data-element_type=\"container\" data-e-type=\"container\" data-settings=\"{&quot;background_background&quot;:&quot;classic&quot;}\">\n\t\t\t\t\t<div class=\"e-con-inner\">\n\t\t<div class=\"elementor-element elementor-element-5ce335b9 e-con-full e-flex e-con e-child\" data-id=\"5ce335b9\" data-element_type=\"container\" data-e-type=\"container\" data-settings=\"{&quot;background_background&quot;:&quot;classic&quot;}\">\n\t\t\t\t<div class=\"elementor-element elementor-element-69e3ca1a elementor-widget elementor-widget-heading\" data-id=\"69e3ca1a\" data-element_type=\"widget\" data-e-type=\"widget\" data-widget_type=\"heading.default\">\n\t\t\t\t<div class=\"elementor-widget-container\">\n\t\t\t\t\t<h1 class=\"elementor-heading-title elementor-size-default\">Datenschutzerkl\u00e4rung<\/h1>\t\t\t\t<\/div>\n\t\t\t\t<\/div>\n\t\t\t\t<\/div>\n\t\t\t\t\t<\/div>\n\t\t\t\t<\/div>\n\t\t<div class=\"elementor-element elementor-element-149dd716 e-flex e-con-boxed e-con e-parent\" data-id=\"149dd716\" data-element_type=\"container\" data-e-type=\"container\">\n\t\t\t\t\t<div class=\"e-con-inner\">\n\t\t\t\t<div class=\"elementor-element elementor-element-554ae8e5 elementor-widget elementor-widget-text-editor\" data-id=\"554ae8e5\" data-element_type=\"widget\" data-e-type=\"widget\" data-widget_type=\"text-editor.default\">\n\t\t\t\t<div class=\"elementor-widget-container\">\n\t\t\t\t\t\t\t\t\t\n<h3 class=\"wp-block-heading\">ZU ERHEBENDE INFORMATIONEN<\/h3>\n\n<p>Zugriff auf die Website <strong>wildplanthealth.com<\/strong> ist kostenlos und eine Registrierung ist nicht erforderlich. Durch die Kontaktaufnahme \u00fcber Kontaktformulare oder per E-Mail geben Sie Ihre Daten ein. Diese Informationen sind nur auf der Website verf\u00fcgbar. <strong>wildplanthealth.com<\/strong> an wen sie zum Zwecke der Bearbeitung Ihrer Anfrage gerichtet sind. Die Angabe Ihrer pers\u00f6nlichen Daten ist freiwillig. Wir verarbeiten nicht mehr personenbezogene Daten, als f\u00fcr die Beantwortung Ihrer Anfrage wirklich erforderlich sind.<\/p>\n\n<h3 class=\"wp-block-heading\">SCHUTZ IHRER PERSONENBEZOGENEN DATEN<\/h3>\n\n<p>Seite <strong>wildplanthealth.com<\/strong> respektiert Ihre Privatsph\u00e4re und verarbeitet Ihre personenbezogenen Daten fair und rechtm\u00e4\u00dfig. Wir speichern Ihre personenbezogenen Daten in elektronischer Form und wenden zu Schutzzwecken geeignete technische und organisatorische Ma\u00dfnahmen zum Schutz personenbezogener Daten und Verfahren an, um den unbefugten Zugriff auf personenbezogene Daten zu verhindern.<\/p>\n\n<h3 class=\"wp-block-heading\">COOKIES<\/h3>\n\n<p>Websites <strong><a href=\"https:\/\/wildplanthealth.com\/de\/\">www.wildplanthealth.com<\/a><\/strong> Sie verwenden so genannte \"Cookies\". <em>Kekse<\/em>) um dem Nutzer einen Dienst mit voller Funktionalit\u00e4t und hochwertigsten Inhalten zur Verf\u00fcgung stellen zu k\u00f6nnen. Cookies sind eine Reihe von Daten, die vom Server der Website erzeugt und vom Webbrowser auf der Festplatte des Benutzers in Form einer kleinen Textdatei gespeichert werden. Wir sind st\u00e4ndig bem\u00fcht, unseren Nutzern die bestm\u00f6gliche Nutzererfahrung zu bieten, daher ist zu beachten, dass unsere Websites nur dann optimal funktionieren, wenn Cookies aktiviert sind.<\/p>\n\n<p>Um Cookies in \u00dcbereinstimmung mit dem Gesetz \u00fcber die elektronische Kommunikation, dem Gesetz zum Schutz personenbezogener Daten und den EU-Richtlinien zu verwenden, ben\u00f6tigen wir Ihre Zustimmung. Durch die Nutzung dieser Website erkl\u00e4ren Sie sich mit der Verwendung von Cookies einverstanden. Durch das Blockieren von Cookies k\u00f6nnen Sie immer noch auf der Website surfen, aber einige ihrer Funktionen stehen Ihnen nicht zur Verf\u00fcgung.<\/p>\n\n<h3 class=\"wp-block-heading\">GEB\u00c4UDE INHALTE MIT ANDEREN WEBSITES<\/h3>\n\n<p>Artikel auf dieser Website k\u00f6nnen eingebettete Inhalte (z.B. Videos, Bilder, Artikel, etc.) enthalten. Eingebettete Inhalte von anderen Websites verhalten sich genauso, als h\u00e4tte der Besucher diese andere Website besucht.<\/p>\n\n<h3 class=\"wp-block-heading\">SCHUTZMASSNAHMEN<\/h3>\n\n<p>Seite <strong>wildplanthealth.com<\/strong> verwendet technische und Sicherheitsma\u00dfnahmen, Regeln und andere Verfahren, um die personenbezogenen Daten der Benutzer dieser Website vor unbefugtem Zugriff, Missbrauch, Offenlegung, Verlust oder Zerst\u00f6rung zu sch\u00fctzen. Um die Vertraulichkeit von Informationen \u00fcber Benutzer der Website zu sch\u00fctzen, verwenden wir branchen\u00fcbliche Sicherheitsma\u00dfnahmen wie Firewall-Schutz und Passwortschutz.<\/p>\n\n<p>Der Nutzer ist jedoch verpflichtet, daf\u00fcr zu sorgen, dass der von ihm verwendete Computer auch vor Malware wie Trojanern, Computerviren und W\u00fcrmern sicher und gesch\u00fctzt ist. Der Benutzer der Website ist sich bewusst, dass ohne angemessene Sicherheitsma\u00dfnahmen (z.B. sichere Konfiguration des Internetbrowsers, aktualisierte Antivirenprogramme, pers\u00f6nliche Firewall-Programme, Nichtverwendung von Programmen aus verd\u00e4chtigen Quellen) das Risiko besteht, dass die Daten und Passw\u00f6rter, die verwendet werden, um den Zugriff auf personenbezogene Daten zu verhindern, an unbefugte Dritte weitergegeben werden k\u00f6nnen.<\/p>\n\n<h3 class=\"wp-block-heading\">STATISTIKEN DES UNTERNEHMENS<\/h3>\n\n<p>Diese Website verwendet Google Analytics, um Besucherstatistiken zu messen.<\/p>\n\n<h3 class=\"wp-block-heading\">BESCHR\u00c4NKUNG DER VERANTWORTUNG<\/h3>\n\n<p>Obwohl wir verf\u00fcgbare technische und organisatorische Ma\u00dfnahmen ergreifen, um eine unbefugte Offenlegung Ihrer personenbezogenen Daten zu verhindern, k\u00f6nnen wir nicht garantieren, dass einige der von uns erfassten personenbezogenen Daten entgegen den Bestimmungen dieser Datenschutzrichtlinie niemals versehentlich offengelegt werden. Soweit gesetzlich zul\u00e4ssig, schlie\u00dfen wir die Haftung f\u00fcr Sch\u00e4den aus, die Nutzern oder Dritten durch versehentliche Weitergabe personenbezogener Daten entstehen.<\/p>\n\t\t\t\t\t\t\t\t<\/div>\n\t\t\t\t<\/div>\n\t\t\t\t\t<\/div>\n\t\t\t\t<\/div>\n\t\t\t\t<\/div>","protected":false},"excerpt":{"rendered":"<p>Der Zugriff auf die Website wildplanthealth.com ist kostenlos und eine Registrierung ist nicht erforderlich. Durch die Kontaktaufnahme \u00fcber Kontaktformulare oder per E-Mail geben Sie Ihre Daten ein. Diese Informationen sind nur auf wildplanthealth.com verf\u00fcgbar, an die sie zum Zwecke der Bearbeitung Ihrer Anfrage gerichtet sind. Die Angabe Ihrer pers\u00f6nlichen Daten ist freiwillig. Wir verarbeiten nicht mehr personenbezogene Daten, als es f\u00fcr [\u2026] wirklich notwendig ist.<\/p>","protected":false},"author":4,"featured_media":0,"parent":0,"menu_order":0,"comment_status":"closed","ping_status":"closed","template":"elementor_header_footer","meta":{"footnotes":""},"class_list":["post-278","page","type-page","status-publish","hentry"],"yoast_head":"<!-- This site is optimized with the Yoast SEO plugin v27.3 - https:\/\/yoast.com\/product\/yoast-seo-wordpress\/ -->\n<title>Pravila privatnosti - Wild Plant Health<\/title>\n<meta name=\"robots\" content=\"index, follow, max-snippet:-1, max-image-preview:large, max-video-preview:-1\" \/>\n<link rel=\"canonical\" href=\"https:\/\/wildplanthealth.com\/de\/pravila-privatnosti\/\" \/>\n<meta property=\"og:locale\" content=\"de_DE\" \/>\n<meta property=\"og:type\" content=\"article\" \/>\n<meta property=\"og:title\" content=\"Pravila privatnosti - Wild Plant Health\" \/>\n<meta property=\"og:description\" content=\"PODACI KOJE PRIKUPLJAMO Pristup web stranici wildplanthealth.com je slobodan i ne tra\u017ei se registracija. Kontaktiranjem putem kontakt-obrazaca ili elektroni\u010dkom po\u0161tom ispunjavate svoje podatke. Ti su podaci dostupni isklju\u010divo stranici wildplanthealth.com kojima su upu\u0107eni u svrhu rje\u0161avanja va\u0161eg upita. Davanje va\u0161ih osobnih podataka je dobrovoljno. Ne obra\u0111ujemo vi\u0161e osobnih podataka no \u0161to je doista potrebno za [&hellip;]\" \/>\n<meta property=\"og:url\" content=\"https:\/\/wildplanthealth.com\/de\/pravila-privatnosti\/\" \/>\n<meta property=\"og:site_name\" content=\"Wild Plant Health\" \/>\n<meta property=\"article:modified_time\" content=\"2026-03-13T10:34:32+00:00\" \/>\n<meta name=\"twitter:card\" content=\"summary_large_image\" \/>\n<meta name=\"twitter:label1\" content=\"Gesch\u00e4tzte Lesezeit\" \/>\n\t<meta name=\"twitter:data1\" content=\"3 minutes\" \/>\n<script type=\"application\/ld+json\" class=\"yoast-schema-graph\">{\"@context\":\"https:\\\/\\\/schema.org\",\"@graph\":[{\"@type\":\"WebPage\",\"@id\":\"https:\\\/\\\/wildplanthealth.com\\\/pravila-privatnosti\\\/\",\"url\":\"https:\\\/\\\/wildplanthealth.com\\\/pravila-privatnosti\\\/\",\"name\":\"Pravila privatnosti - Wild Plant Health\",\"isPartOf\":{\"@id\":\"https:\\\/\\\/wildplanthealth.com\\\/#website\"},\"datePublished\":\"2025-11-12T16:26:03+00:00\",\"dateModified\":\"2026-03-13T10:34:32+00:00\",\"breadcrumb\":{\"@id\":\"https:\\\/\\\/wildplanthealth.com\\\/pravila-privatnosti\\\/#breadcrumb\"},\"inLanguage\":\"de-DE\",\"potentialAction\":[{\"@type\":\"ReadAction\",\"target\":[\"https:\\\/\\\/wildplanthealth.com\\\/pravila-privatnosti\\\/\"]}]},{\"@type\":\"BreadcrumbList\",\"@id\":\"https:\\\/\\\/wildplanthealth.com\\\/pravila-privatnosti\\\/#breadcrumb\",\"itemListElement\":[{\"@type\":\"ListItem\",\"position\":1,\"name\":\"Po\u010detna stranica\",\"item\":\"https:\\\/\\\/wildplanthealth.com\\\/\"},{\"@type\":\"ListItem\",\"position\":2,\"name\":\"Pravila privatnosti\"}]},{\"@type\":\"WebSite\",\"@id\":\"https:\\\/\\\/wildplanthealth.com\\\/#website\",\"url\":\"https:\\\/\\\/wildplanthealth.com\\\/\",\"name\":\"Wild Plant Health\",\"description\":\"\",\"publisher\":{\"@id\":\"https:\\\/\\\/wildplanthealth.com\\\/#organization\"},\"potentialAction\":[{\"@type\":\"SearchAction\",\"target\":{\"@type\":\"EntryPoint\",\"urlTemplate\":\"https:\\\/\\\/wildplanthealth.com\\\/?s={search_term_string}\"},\"query-input\":{\"@type\":\"PropertyValueSpecification\",\"valueRequired\":true,\"valueName\":\"search_term_string\"}}],\"inLanguage\":\"de-DE\"},{\"@type\":\"Organization\",\"@id\":\"https:\\\/\\\/wildplanthealth.com\\\/#organization\",\"name\":\"Wild Plant Health\",\"url\":\"https:\\\/\\\/wildplanthealth.com\\\/\",\"logo\":{\"@type\":\"ImageObject\",\"inLanguage\":\"de-DE\",\"@id\":\"https:\\\/\\\/wildplanthealth.com\\\/#\\\/schema\\\/logo\\\/image\\\/\",\"url\":\"https:\\\/\\\/wildplanthealth.com\\\/wp-content\\\/uploads\\\/2026\\\/03\\\/logo-1.png\",\"contentUrl\":\"https:\\\/\\\/wildplanthealth.com\\\/wp-content\\\/uploads\\\/2026\\\/03\\\/logo-1.png\",\"width\":1515,\"height\":2001,\"caption\":\"Wild Plant Health\"},\"image\":{\"@id\":\"https:\\\/\\\/wildplanthealth.com\\\/#\\\/schema\\\/logo\\\/image\\\/\"}}]}<\/script>\n<!-- \/ Yoast SEO plugin. -->","yoast_head_json":{"title":"Pravila privatnosti - Wild Plant Health","robots":{"index":"index","follow":"follow","max-snippet":"max-snippet:-1","max-image-preview":"max-image-preview:large","max-video-preview":"max-video-preview:-1"},"canonical":"https:\/\/wildplanthealth.com\/de\/pravila-privatnosti\/","og_locale":"de_DE","og_type":"article","og_title":"Pravila privatnosti - Wild Plant Health","og_description":"PODACI KOJE PRIKUPLJAMO Pristup web stranici wildplanthealth.com je slobodan i ne tra\u017ei se registracija. Kontaktiranjem putem kontakt-obrazaca ili elektroni\u010dkom po\u0161tom ispunjavate svoje podatke. Ti su podaci dostupni isklju\u010divo stranici wildplanthealth.com kojima su upu\u0107eni u svrhu rje\u0161avanja va\u0161eg upita. Davanje va\u0161ih osobnih podataka je dobrovoljno. Ne obra\u0111ujemo vi\u0161e osobnih podataka no \u0161to je doista potrebno za [&hellip;]","og_url":"https:\/\/wildplanthealth.com\/de\/pravila-privatnosti\/","og_site_name":"Wild Plant Health","article_modified_time":"2026-03-13T10:34:32+00:00","twitter_card":"summary_large_image","twitter_misc":{"Gesch\u00e4tzte Lesezeit":"3 minutes"},"schema":{"@context":"https:\/\/schema.org","@graph":[{"@type":"WebPage","@id":"https:\/\/wildplanthealth.com\/pravila-privatnosti\/","url":"https:\/\/wildplanthealth.com\/pravila-privatnosti\/","name":"Pravila privatnosti - Wild Plant Health","isPartOf":{"@id":"https:\/\/wildplanthealth.com\/#website"},"datePublished":"2025-11-12T16:26:03+00:00","dateModified":"2026-03-13T10:34:32+00:00","breadcrumb":{"@id":"https:\/\/wildplanthealth.com\/pravila-privatnosti\/#breadcrumb"},"inLanguage":"de-DE","potentialAction":[{"@type":"ReadAction","target":["https:\/\/wildplanthealth.com\/pravila-privatnosti\/"]}]},{"@type":"BreadcrumbList","@id":"https:\/\/wildplanthealth.com\/pravila-privatnosti\/#breadcrumb","itemListElement":[{"@type":"ListItem","position":1,"name":"Po\u010detna stranica","item":"https:\/\/wildplanthealth.com\/"},{"@type":"ListItem","position":2,"name":"Pravila privatnosti"}]},{"@type":"WebSite","@id":"https:\/\/wildplanthealth.com\/#website","url":"https:\/\/wildplanthealth.com\/","name":"Wild Plant Health","description":"","publisher":{"@id":"https:\/\/wildplanthealth.com\/#organization"},"potentialAction":[{"@type":"SearchAction","target":{"@type":"EntryPoint","urlTemplate":"https:\/\/wildplanthealth.com\/?s={search_term_string}"},"query-input":{"@type":"PropertyValueSpecification","valueRequired":true,"valueName":"search_term_string"}}],"inLanguage":"de-DE"},{"@type":"Organization","@id":"https:\/\/wildplanthealth.com\/#organization","name":"Wild Plant Health","url":"https:\/\/wildplanthealth.com\/","logo":{"@type":"ImageObject","inLanguage":"de-DE","@id":"https:\/\/wildplanthealth.com\/#\/schema\/logo\/image\/","url":"https:\/\/wildplanthealth.com\/wp-content\/uploads\/2026\/03\/logo-1.png","contentUrl":"https:\/\/wildplanthealth.com\/wp-content\/uploads\/2026\/03\/logo-1.png","width":1515,"height":2001,"caption":"Wild Plant Health"},"image":{"@id":"https:\/\/wildplanthealth.com\/#\/schema\/logo\/image\/"}}]}},"_links":{"self":[{"href":"https:\/\/wildplanthealth.com\/de\/wp-json\/wp\/v2\/pages\/278","targetHints":{"allow":["GET"]}}],"collection":[{"href":"https:\/\/wildplanthealth.com\/de\/wp-json\/wp\/v2\/pages"}],"about":[{"href":"https:\/\/wildplanthealth.com\/de\/wp-json\/wp\/v2\/types\/page"}],"author":[{"embeddable":true,"href":"https:\/\/wildplanthealth.com\/de\/wp-json\/wp\/v2\/users\/4"}],"replies":[{"embeddable":true,"href":"https:\/\/wildplanthealth.com\/de\/wp-json\/wp\/v2\/comments?post=278"}],"version-history":[{"count":4,"href":"https:\/\/wildplanthealth.com\/de\/wp-json\/wp\/v2\/pages\/278\/revisions"}],"predecessor-version":[{"id":860,"href":"https:\/\/wildplanthealth.com\/de\/wp-json\/wp\/v2\/pages\/278\/revisions\/860"}],"wp:attachment":[{"href":"https:\/\/wildplanthealth.com\/de\/wp-json\/wp\/v2\/media?parent=278"}],"curies":[{"name":"wp","href":"https:\/\/api.w.org\/{rel}","templated":true}]}}