{"id":125,"date":"2024-03-19T14:28:13","date_gmt":"2024-03-19T14:28:13","guid":{"rendered":"https:\/\/ruggero:8890\/?page_id=125"},"modified":"2026-03-16T09:41:14","modified_gmt":"2026-03-16T09:41:14","slug":"o-nama","status":"publish","type":"page","link":"https:\/\/wildplanthealth.com\/fr\/o-nama\/","title":{"rendered":"\u00c0 propos de nous"},"content":{"rendered":"<div data-elementor-type=\"wp-page\" data-elementor-id=\"125\" class=\"elementor elementor-125\" data-elementor-post-type=\"page\">\n\t\t\t\t<div class=\"elementor-element elementor-element-32ae17a3 e-flex e-con-boxed e-con e-parent\" data-id=\"32ae17a3\" data-element_type=\"container\" data-e-type=\"container\" data-settings=\"{&quot;background_background&quot;:&quot;classic&quot;}\">\n\t\t\t\t\t<div class=\"e-con-inner\">\n\t\t<div class=\"elementor-element elementor-element-362bf390 e-con-full e-flex e-con e-child\" data-id=\"362bf390\" data-element_type=\"container\" data-e-type=\"container\" data-settings=\"{&quot;background_background&quot;:&quot;classic&quot;}\">\n\t\t\t\t<div class=\"elementor-element elementor-element-70edeb97 elementor-widget elementor-widget-heading\" data-id=\"70edeb97\" data-element_type=\"widget\" data-e-type=\"widget\" data-widget_type=\"heading.default\">\n\t\t\t\t<div class=\"elementor-widget-container\">\n\t\t\t\t\t<h1 class=\"elementor-heading-title elementor-size-default\">\u00c0 propos de nous<\/h1>\t\t\t\t<\/div>\n\t\t\t\t<\/div>\n\t\t\t\t<\/div>\n\t\t\t\t\t<\/div>\n\t\t\t\t<\/div>\n\t\t<div class=\"elementor-element elementor-element-c16d3b8 e-flex e-con-boxed e-con e-parent\" data-id=\"c16d3b8\" data-element_type=\"container\" data-e-type=\"container\" data-settings=\"{&quot;background_background&quot;:&quot;classic&quot;}\">\n\t\t\t\t\t<div class=\"e-con-inner\">\n\t\t<div class=\"elementor-element elementor-element-56d4ddb4 e-con-full e-flex e-con e-child\" data-id=\"56d4ddb4\" data-element_type=\"container\" data-e-type=\"container\">\n\t\t<div class=\"elementor-element elementor-element-27c100ad e-flex e-con-boxed e-con e-child\" data-id=\"27c100ad\" data-element_type=\"container\" data-e-type=\"container\">\n\t\t\t\t\t<div class=\"e-con-inner\">\n\t\t\t\t<div class=\"elementor-element elementor-element-3471d593 elementor-invisible elementor-widget elementor-widget-image\" data-id=\"3471d593\" data-element_type=\"widget\" data-e-type=\"widget\" data-settings=\"{&quot;motion_fx_motion_fx_scrolling&quot;:&quot;yes&quot;,&quot;motion_fx_translateY_effect&quot;:&quot;yes&quot;,&quot;motion_fx_translateY_speed&quot;:{&quot;unit&quot;:&quot;px&quot;,&quot;size&quot;:&quot;2&quot;,&quot;sizes&quot;:[]},&quot;motion_fx_devices&quot;:[&quot;desktop&quot;],&quot;_animation&quot;:&quot;fadeIn&quot;,&quot;motion_fx_translateY_affectedRange&quot;:{&quot;unit&quot;:&quot;%&quot;,&quot;size&quot;:&quot;&quot;,&quot;sizes&quot;:{&quot;start&quot;:0,&quot;end&quot;:100}}}\" data-widget_type=\"image.default\">\n\t\t\t\t<div class=\"elementor-widget-container\">\n\t\t\t\t\t\t\t\t\t\t\t\t\t\t\t<img fetchpriority=\"high\" decoding=\"async\" width=\"683\" height=\"1024\" src=\"https:\/\/wildplanthealth.com\/wp-content\/uploads\/2026\/03\/WhatsApp-Image-2026-03-14-at-10.53.00-683x1024.jpeg\" class=\"attachment-large size-large wp-image-992\" alt=\"\" srcset=\"https:\/\/wildplanthealth.com\/wp-content\/uploads\/2026\/03\/WhatsApp-Image-2026-03-14-at-10.53.00-683x1024.jpeg 683w, https:\/\/wildplanthealth.com\/wp-content\/uploads\/2026\/03\/WhatsApp-Image-2026-03-14-at-10.53.00-200x300.jpeg 200w, https:\/\/wildplanthealth.com\/wp-content\/uploads\/2026\/03\/WhatsApp-Image-2026-03-14-at-10.53.00-768x1152.jpeg 768w, https:\/\/wildplanthealth.com\/wp-content\/uploads\/2026\/03\/WhatsApp-Image-2026-03-14-at-10.53.00-8x12.jpeg 8w, https:\/\/wildplanthealth.com\/wp-content\/uploads\/2026\/03\/WhatsApp-Image-2026-03-14-at-10.53.00-600x900.jpeg 600w, https:\/\/wildplanthealth.com\/wp-content\/uploads\/2026\/03\/WhatsApp-Image-2026-03-14-at-10.53.00-64x96.jpeg 64w, https:\/\/wildplanthealth.com\/wp-content\/uploads\/2026\/03\/WhatsApp-Image-2026-03-14-at-10.53.00.jpeg 1024w\" sizes=\"(max-width: 683px) 100vw, 683px\" \/>\t\t\t\t\t\t\t\t\t\t\t\t\t\t\t<\/div>\n\t\t\t\t<\/div>\n\t\t\t\t\t<\/div>\n\t\t\t\t<\/div>\n\t\t<div class=\"elementor-element elementor-element-41faaa67 elementor-hidden-mobile e-flex e-con-boxed e-con e-child\" data-id=\"41faaa67\" data-element_type=\"container\" data-e-type=\"container\">\n\t\t\t\t\t<div class=\"e-con-inner\">\n\t\t\t\t<div class=\"elementor-element elementor-element-5bd1f97 elementor-invisible elementor-widget elementor-widget-image\" data-id=\"5bd1f97\" data-element_type=\"widget\" data-e-type=\"widget\" data-settings=\"{&quot;motion_fx_motion_fx_scrolling&quot;:&quot;yes&quot;,&quot;motion_fx_translateY_effect&quot;:&quot;yes&quot;,&quot;motion_fx_translateY_direction&quot;:&quot;negative&quot;,&quot;motion_fx_translateY_speed&quot;:{&quot;unit&quot;:&quot;px&quot;,&quot;size&quot;:&quot;2&quot;,&quot;sizes&quot;:[]},&quot;motion_fx_devices&quot;:[&quot;desktop&quot;],&quot;_animation&quot;:&quot;fadeIn&quot;,&quot;motion_fx_translateY_affectedRange&quot;:{&quot;unit&quot;:&quot;%&quot;,&quot;size&quot;:&quot;&quot;,&quot;sizes&quot;:{&quot;start&quot;:0,&quot;end&quot;:100}}}\" data-widget_type=\"image.default\">\n\t\t\t\t<div class=\"elementor-widget-container\">\n\t\t\t\t\t\t\t\t\t\t\t\t\t\t\t<img decoding=\"async\" width=\"683\" height=\"1024\" src=\"https:\/\/wildplanthealth.com\/wp-content\/uploads\/2024\/03\/WhatsApp-Image-2026-02-05-at-12.42.52-683x1024.jpeg\" class=\"attachment-large size-large wp-image-410\" alt=\"\" srcset=\"https:\/\/wildplanthealth.com\/wp-content\/uploads\/2024\/03\/WhatsApp-Image-2026-02-05-at-12.42.52-683x1024.jpeg 683w, https:\/\/wildplanthealth.com\/wp-content\/uploads\/2024\/03\/WhatsApp-Image-2026-02-05-at-12.42.52-200x300.jpeg 200w, https:\/\/wildplanthealth.com\/wp-content\/uploads\/2024\/03\/WhatsApp-Image-2026-02-05-at-12.42.52-768x1152.jpeg 768w, https:\/\/wildplanthealth.com\/wp-content\/uploads\/2024\/03\/WhatsApp-Image-2026-02-05-at-12.42.52-1024x1536.jpeg 1024w, https:\/\/wildplanthealth.com\/wp-content\/uploads\/2024\/03\/WhatsApp-Image-2026-02-05-at-12.42.52-8x12.jpeg 8w, https:\/\/wildplanthealth.com\/wp-content\/uploads\/2024\/03\/WhatsApp-Image-2026-02-05-at-12.42.52-600x900.jpeg 600w, https:\/\/wildplanthealth.com\/wp-content\/uploads\/2024\/03\/WhatsApp-Image-2026-02-05-at-12.42.52.jpeg 1365w\" sizes=\"(max-width: 683px) 100vw, 683px\" \/>\t\t\t\t\t\t\t\t\t\t\t\t\t\t\t<\/div>\n\t\t\t\t<\/div>\n\t\t\t\t\t<\/div>\n\t\t\t\t<\/div>\n\t\t\t\t<\/div>\n\t\t<div class=\"elementor-element elementor-element-77b75973 e-con-full e-flex elementor-invisible e-con e-child\" data-id=\"77b75973\" data-element_type=\"container\" data-e-type=\"container\" data-settings=\"{&quot;animation&quot;:&quot;fadeIn&quot;}\">\n\t\t\t\t<div class=\"elementor-element elementor-element-2b52a31e elementor-widget elementor-widget-heading\" data-id=\"2b52a31e\" data-element_type=\"widget\" data-e-type=\"widget\" data-widget_type=\"heading.default\">\n\t\t\t\t<div class=\"elementor-widget-container\">\n\t\t\t\t\t<h5 class=\"elementor-heading-title elementor-size-default\">Sant\u00e9 des plantes sauvages<\/h5>\t\t\t\t<\/div>\n\t\t\t\t<\/div>\n\t\t\t\t<div class=\"elementor-element elementor-element-6bea1467 elementor-widget elementor-widget-heading\" data-id=\"6bea1467\" data-element_type=\"widget\" data-e-type=\"widget\" data-widget_type=\"heading.default\">\n\t\t\t\t<div class=\"elementor-widget-container\">\n\t\t\t\t\t<h2 class=\"elementor-heading-title elementor-size-default\">\u00c0 propos de nous<\/h2>\t\t\t\t<\/div>\n\t\t\t\t<\/div>\n\t\t\t\t<div class=\"elementor-element elementor-element-a153936 elementor-widget elementor-widget-text-editor\" data-id=\"a153936\" data-element_type=\"widget\" data-e-type=\"widget\" data-widget_type=\"text-editor.default\">\n\t\t\t\t<div class=\"elementor-widget-container\">\n\t\t\t\t\t\t\t\t\t<p>Notre mission est de combiner les connaissances anciennes et modernes avec les derni\u00e8res technologies de pointe pour produire les extraits de plantes authentiques les plus sains et les produits connexes disponibles sur le march\u00e9.<\/p><p>Gr\u00e2ce \u00e0 la formulation liposomale, les principes actifs sont absorb\u00e9s plus efficacement et agissent de mani\u00e8re cibl\u00e9e. Notre triple proc\u00e9d\u00e9 d\u2019extraction v\u00e9g\u00e9tale \u2013 chacun s\u00e9par\u00e9ment (\u00e9thanol, eau, huile MCT) \u2013 combin\u00e9 \u00e0 des technologies de pointe, est con\u00e7u pour collecter et pr\u00e9server tous les compos\u00e9s v\u00e9g\u00e9taux utiles, donnant \u00e0 nos extraits FEXO un nouveau niveau d\u2019efficacit\u00e9 th\u00e9rapeutique et pr\u00e9ventive et offrant des solutions optimales \u00e0 divers probl\u00e8mes.<\/p><p>Nous utilisons uniquement des plantes sauvages et des plantes cultiv\u00e9es dans des fermes biologiques.<\/p><p>Notre vision est de vous offrir le meilleur de la nature en un seul endroit, y compris toutes les plantes m\u00e9dicinales les plus importantes du monde.<\/p><p>Dans nos produits, nous n'utilisons jamais de compos\u00e9s synth\u00e9tiques ou d'isolats, mais uniquement des combinaisons d'ingr\u00e9dients compl\u00e8tement pures et naturelles.<\/p><p>Chacun de nos produits est accompagn\u00e9 d'une brochure avec des informations compl\u00e8tes et transparentes.<\/p>\t\t\t\t\t\t\t\t<\/div>\n\t\t\t\t<\/div>\n\t\t\t\t<\/div>\n\t\t\t\t\t<\/div>\n\t\t\t\t<\/div>\n\t\t\t\t<\/div>","protected":false},"excerpt":{"rendered":"<p>Notre mission est de combiner les connaissances anciennes et modernes avec les derni\u00e8res technologies de pointe pour produire les extraits de plantes authentiques les plus sains et les produits connexes disponibles sur le march\u00e9. Gr\u00e2ce \u00e0 la formulation liposomale, les principes actifs sont absorb\u00e9s plus efficacement et agissent de mani\u00e8re cibl\u00e9e. Notre triple processus d'extraction de l'usine \u2013 chacun s\u00e9par\u00e9ment (\u00e9thanol, eau, huile MCT) \u2013 en [\u2026]<\/p>","protected":false},"author":4,"featured_media":0,"parent":0,"menu_order":0,"comment_status":"closed","ping_status":"closed","template":"elementor_header_footer","meta":{"footnotes":""},"class_list":["post-125","page","type-page","status-publish","hentry"],"yoast_head":"<!-- This site is optimized with the Yoast SEO plugin v27.3 - https:\/\/yoast.com\/product\/yoast-seo-wordpress\/ -->\n<title>O nama - Wild Plant Health<\/title>\n<meta name=\"robots\" content=\"index, follow, max-snippet:-1, max-image-preview:large, max-video-preview:-1\" \/>\n<link rel=\"canonical\" href=\"https:\/\/wildplanthealth.com\/fr\/o-nama\/\" \/>\n<meta property=\"og:locale\" content=\"fr_FR\" \/>\n<meta property=\"og:type\" content=\"article\" \/>\n<meta property=\"og:title\" content=\"O nama - Wild Plant Health\" \/>\n<meta property=\"og:description\" content=\"Wild Plant health O nama Na\u0161a je misija kombinirati drevna i moderna znanja s najnovijim naprednim tehnologijama kako bismo proizveli najzdravije autenti\u010dne biljne ekstrakte i srodne proizvode dostupne na tr\u017ei\u0161tu. Zahvaljuju\u0107i liposomskoj formulaciji, aktivni sastojci se u\u010dinkovitije apsorbiraju i djeluju ciljano. Na\u0161 trostruki proces ekstrakcije biljaka &#8211; svaki zasebno (etanol, voda, MCT ulje) &#8211; u [&hellip;]\" \/>\n<meta property=\"og:url\" content=\"https:\/\/wildplanthealth.com\/fr\/o-nama\/\" \/>\n<meta property=\"og:site_name\" content=\"Wild Plant Health\" \/>\n<meta property=\"article:modified_time\" content=\"2026-03-16T09:41:14+00:00\" \/>\n<meta property=\"og:image\" content=\"https:\/\/wildplanthealth.com\/wp-content\/uploads\/2026\/03\/WhatsApp-Image-2026-03-14-at-10.53.00-683x1024.jpeg\" \/>\n<meta name=\"twitter:card\" content=\"summary_large_image\" \/>\n<meta name=\"twitter:label1\" content=\"Dur\u00e9e de lecture estim\u00e9e\" \/>\n\t<meta name=\"twitter:data1\" content=\"2 minutes\" \/>\n<script type=\"application\/ld+json\" class=\"yoast-schema-graph\">{\"@context\":\"https:\\\/\\\/schema.org\",\"@graph\":[{\"@type\":\"WebPage\",\"@id\":\"https:\\\/\\\/wildplanthealth.com\\\/o-nama\\\/\",\"url\":\"https:\\\/\\\/wildplanthealth.com\\\/o-nama\\\/\",\"name\":\"O nama - Wild Plant Health\",\"isPartOf\":{\"@id\":\"https:\\\/\\\/wildplanthealth.com\\\/#website\"},\"primaryImageOfPage\":{\"@id\":\"https:\\\/\\\/wildplanthealth.com\\\/o-nama\\\/#primaryimage\"},\"image\":{\"@id\":\"https:\\\/\\\/wildplanthealth.com\\\/o-nama\\\/#primaryimage\"},\"thumbnailUrl\":\"https:\\\/\\\/wildplanthealth.com\\\/wp-content\\\/uploads\\\/2026\\\/03\\\/WhatsApp-Image-2026-03-14-at-10.53.00-683x1024.jpeg\",\"datePublished\":\"2024-03-19T14:28:13+00:00\",\"dateModified\":\"2026-03-16T09:41:14+00:00\",\"breadcrumb\":{\"@id\":\"https:\\\/\\\/wildplanthealth.com\\\/o-nama\\\/#breadcrumb\"},\"inLanguage\":\"fr-FR\",\"potentialAction\":[{\"@type\":\"ReadAction\",\"target\":[\"https:\\\/\\\/wildplanthealth.com\\\/o-nama\\\/\"]}]},{\"@type\":\"ImageObject\",\"inLanguage\":\"fr-FR\",\"@id\":\"https:\\\/\\\/wildplanthealth.com\\\/o-nama\\\/#primaryimage\",\"url\":\"https:\\\/\\\/wildplanthealth.com\\\/wp-content\\\/uploads\\\/2026\\\/03\\\/WhatsApp-Image-2026-03-14-at-10.53.00-683x1024.jpeg\",\"contentUrl\":\"https:\\\/\\\/wildplanthealth.com\\\/wp-content\\\/uploads\\\/2026\\\/03\\\/WhatsApp-Image-2026-03-14-at-10.53.00-683x1024.jpeg\"},{\"@type\":\"BreadcrumbList\",\"@id\":\"https:\\\/\\\/wildplanthealth.com\\\/o-nama\\\/#breadcrumb\",\"itemListElement\":[{\"@type\":\"ListItem\",\"position\":1,\"name\":\"Po\u010detna stranica\",\"item\":\"https:\\\/\\\/wildplanthealth.com\\\/\"},{\"@type\":\"ListItem\",\"position\":2,\"name\":\"O nama\"}]},{\"@type\":\"WebSite\",\"@id\":\"https:\\\/\\\/wildplanthealth.com\\\/#website\",\"url\":\"https:\\\/\\\/wildplanthealth.com\\\/\",\"name\":\"Wild Plant Health\",\"description\":\"\",\"publisher\":{\"@id\":\"https:\\\/\\\/wildplanthealth.com\\\/#organization\"},\"potentialAction\":[{\"@type\":\"SearchAction\",\"target\":{\"@type\":\"EntryPoint\",\"urlTemplate\":\"https:\\\/\\\/wildplanthealth.com\\\/?s={search_term_string}\"},\"query-input\":{\"@type\":\"PropertyValueSpecification\",\"valueRequired\":true,\"valueName\":\"search_term_string\"}}],\"inLanguage\":\"fr-FR\"},{\"@type\":\"Organization\",\"@id\":\"https:\\\/\\\/wildplanthealth.com\\\/#organization\",\"name\":\"Wild Plant Health\",\"url\":\"https:\\\/\\\/wildplanthealth.com\\\/\",\"logo\":{\"@type\":\"ImageObject\",\"inLanguage\":\"fr-FR\",\"@id\":\"https:\\\/\\\/wildplanthealth.com\\\/#\\\/schema\\\/logo\\\/image\\\/\",\"url\":\"https:\\\/\\\/wildplanthealth.com\\\/wp-content\\\/uploads\\\/2026\\\/03\\\/logo-1.png\",\"contentUrl\":\"https:\\\/\\\/wildplanthealth.com\\\/wp-content\\\/uploads\\\/2026\\\/03\\\/logo-1.png\",\"width\":1515,\"height\":2001,\"caption\":\"Wild Plant Health\"},\"image\":{\"@id\":\"https:\\\/\\\/wildplanthealth.com\\\/#\\\/schema\\\/logo\\\/image\\\/\"}}]}<\/script>\n<!-- \/ Yoast SEO plugin. -->","yoast_head_json":{"title":"O nama - Wild Plant Health","robots":{"index":"index","follow":"follow","max-snippet":"max-snippet:-1","max-image-preview":"max-image-preview:large","max-video-preview":"max-video-preview:-1"},"canonical":"https:\/\/wildplanthealth.com\/fr\/o-nama\/","og_locale":"fr_FR","og_type":"article","og_title":"O nama - Wild Plant Health","og_description":"Wild Plant health O nama Na\u0161a je misija kombinirati drevna i moderna znanja s najnovijim naprednim tehnologijama kako bismo proizveli najzdravije autenti\u010dne biljne ekstrakte i srodne proizvode dostupne na tr\u017ei\u0161tu. Zahvaljuju\u0107i liposomskoj formulaciji, aktivni sastojci se u\u010dinkovitije apsorbiraju i djeluju ciljano. Na\u0161 trostruki proces ekstrakcije biljaka &#8211; svaki zasebno (etanol, voda, MCT ulje) &#8211; u [&hellip;]","og_url":"https:\/\/wildplanthealth.com\/fr\/o-nama\/","og_site_name":"Wild Plant Health","article_modified_time":"2026-03-16T09:41:14+00:00","og_image":[{"url":"https:\/\/wildplanthealth.com\/wp-content\/uploads\/2026\/03\/WhatsApp-Image-2026-03-14-at-10.53.00-683x1024.jpeg","type":"","width":"","height":""}],"twitter_card":"summary_large_image","twitter_misc":{"Dur\u00e9e de lecture estim\u00e9e":"2 minutes"},"schema":{"@context":"https:\/\/schema.org","@graph":[{"@type":"WebPage","@id":"https:\/\/wildplanthealth.com\/o-nama\/","url":"https:\/\/wildplanthealth.com\/o-nama\/","name":"O nama - Wild Plant Health","isPartOf":{"@id":"https:\/\/wildplanthealth.com\/#website"},"primaryImageOfPage":{"@id":"https:\/\/wildplanthealth.com\/o-nama\/#primaryimage"},"image":{"@id":"https:\/\/wildplanthealth.com\/o-nama\/#primaryimage"},"thumbnailUrl":"https:\/\/wildplanthealth.com\/wp-content\/uploads\/2026\/03\/WhatsApp-Image-2026-03-14-at-10.53.00-683x1024.jpeg","datePublished":"2024-03-19T14:28:13+00:00","dateModified":"2026-03-16T09:41:14+00:00","breadcrumb":{"@id":"https:\/\/wildplanthealth.com\/o-nama\/#breadcrumb"},"inLanguage":"fr-FR","potentialAction":[{"@type":"ReadAction","target":["https:\/\/wildplanthealth.com\/o-nama\/"]}]},{"@type":"ImageObject","inLanguage":"fr-FR","@id":"https:\/\/wildplanthealth.com\/o-nama\/#primaryimage","url":"https:\/\/wildplanthealth.com\/wp-content\/uploads\/2026\/03\/WhatsApp-Image-2026-03-14-at-10.53.00-683x1024.jpeg","contentUrl":"https:\/\/wildplanthealth.com\/wp-content\/uploads\/2026\/03\/WhatsApp-Image-2026-03-14-at-10.53.00-683x1024.jpeg"},{"@type":"BreadcrumbList","@id":"https:\/\/wildplanthealth.com\/o-nama\/#breadcrumb","itemListElement":[{"@type":"ListItem","position":1,"name":"Po\u010detna stranica","item":"https:\/\/wildplanthealth.com\/"},{"@type":"ListItem","position":2,"name":"O nama"}]},{"@type":"WebSite","@id":"https:\/\/wildplanthealth.com\/#website","url":"https:\/\/wildplanthealth.com\/","name":"Wild Plant Health","description":"","publisher":{"@id":"https:\/\/wildplanthealth.com\/#organization"},"potentialAction":[{"@type":"SearchAction","target":{"@type":"EntryPoint","urlTemplate":"https:\/\/wildplanthealth.com\/?s={search_term_string}"},"query-input":{"@type":"PropertyValueSpecification","valueRequired":true,"valueName":"search_term_string"}}],"inLanguage":"fr-FR"},{"@type":"Organization","@id":"https:\/\/wildplanthealth.com\/#organization","name":"Wild Plant Health","url":"https:\/\/wildplanthealth.com\/","logo":{"@type":"ImageObject","inLanguage":"fr-FR","@id":"https:\/\/wildplanthealth.com\/#\/schema\/logo\/image\/","url":"https:\/\/wildplanthealth.com\/wp-content\/uploads\/2026\/03\/logo-1.png","contentUrl":"https:\/\/wildplanthealth.com\/wp-content\/uploads\/2026\/03\/logo-1.png","width":1515,"height":2001,"caption":"Wild Plant Health"},"image":{"@id":"https:\/\/wildplanthealth.com\/#\/schema\/logo\/image\/"}}]}},"_links":{"self":[{"href":"https:\/\/wildplanthealth.com\/fr\/wp-json\/wp\/v2\/pages\/125","targetHints":{"allow":["GET"]}}],"collection":[{"href":"https:\/\/wildplanthealth.com\/fr\/wp-json\/wp\/v2\/pages"}],"about":[{"href":"https:\/\/wildplanthealth.com\/fr\/wp-json\/wp\/v2\/types\/page"}],"author":[{"embeddable":true,"href":"https:\/\/wildplanthealth.com\/fr\/wp-json\/wp\/v2\/users\/4"}],"replies":[{"embeddable":true,"href":"https:\/\/wildplanthealth.com\/fr\/wp-json\/wp\/v2\/comments?post=125"}],"version-history":[{"count":25,"href":"https:\/\/wildplanthealth.com\/fr\/wp-json\/wp\/v2\/pages\/125\/revisions"}],"predecessor-version":[{"id":1014,"href":"https:\/\/wildplanthealth.com\/fr\/wp-json\/wp\/v2\/pages\/125\/revisions\/1014"}],"wp:attachment":[{"href":"https:\/\/wildplanthealth.com\/fr\/wp-json\/wp\/v2\/media?parent=125"}],"curies":[{"name":"wp","href":"https:\/\/api.w.org\/{rel}","templated":true}]}}