{"id":271,"date":"2025-11-12T16:17:50","date_gmt":"2025-11-12T16:17:50","guid":{"rendered":"https:\/\/wildplanthealth.com\/?page_id=271"},"modified":"2026-03-13T10:34:31","modified_gmt":"2026-03-13T10:34:31","slug":"nacini-placanja","status":"publish","type":"page","link":"https:\/\/wildplanthealth.com\/fr\/nacini-placanja\/","title":{"rendered":"Modes de paiement"},"content":{"rendered":"<div data-elementor-type=\"wp-page\" data-elementor-id=\"271\" class=\"elementor elementor-271\" data-elementor-post-type=\"page\">\n\t\t\t\t<div class=\"elementor-element elementor-element-3d3fd3f5 e-flex e-con-boxed e-con e-parent\" data-id=\"3d3fd3f5\" data-element_type=\"container\" data-e-type=\"container\" data-settings=\"{&quot;background_background&quot;:&quot;classic&quot;}\">\n\t\t\t\t\t<div class=\"e-con-inner\">\n\t\t<div class=\"elementor-element elementor-element-1269920b e-con-full e-flex e-con e-child\" data-id=\"1269920b\" data-element_type=\"container\" data-e-type=\"container\" data-settings=\"{&quot;background_background&quot;:&quot;classic&quot;}\">\n\t\t\t\t<div class=\"elementor-element elementor-element-2ceb35c elementor-widget elementor-widget-heading\" data-id=\"2ceb35c\" data-element_type=\"widget\" data-e-type=\"widget\" data-widget_type=\"heading.default\">\n\t\t\t\t<div class=\"elementor-widget-container\">\n\t\t\t\t\t<h1 class=\"elementor-heading-title elementor-size-default\">Modes de paiement<\/h1>\t\t\t\t<\/div>\n\t\t\t\t<\/div>\n\t\t\t\t<\/div>\n\t\t\t\t\t<\/div>\n\t\t\t\t<\/div>\n\t\t<div class=\"elementor-element elementor-element-21668ca4 e-flex e-con-boxed e-con e-parent\" data-id=\"21668ca4\" data-element_type=\"container\" data-e-type=\"container\">\n\t\t\t\t\t<div class=\"e-con-inner\">\n\t\t\t\t<div class=\"elementor-element elementor-element-24cb25fc elementor-widget elementor-widget-text-editor\" data-id=\"24cb25fc\" data-element_type=\"widget\" data-e-type=\"widget\" data-widget_type=\"text-editor.default\">\n\t\t\t\t<div class=\"elementor-widget-container\">\n\t\t\t\t\t\t\t\t\t\n<p>1. Paiement par internet banking ou bordereau de paiement sur notre compte Giro. Une fois que le paiement est visible sur notre compte, nous envoyons votre commande \u00e0 l'adresse indiqu\u00e9e par courrier.<\/p>\n\n<p>2. Cartes<\/p>\n\n<p><strong>Plaintes<\/strong><\/p>\n\n<p>Lors de la r\u00e9ception de la marchandise, l'acheteur est tenu de l'examiner et s'il constate un dommage, il peut refuser de la recevoir et la renvoyer \u00e0 l'exp\u00e9diteur. Dans ce cas, l'exp\u00e9diteur renvoie l'argent pay\u00e9 sur le compte \u00e0 partir duquel le paiement a \u00e9t\u00e9 effectu\u00e9 ou remplace la marchandise par la bonne.<\/p>\n\t\t\t\t\t\t\t\t<\/div>\n\t\t\t\t<\/div>\n\t\t\t\t\t<\/div>\n\t\t\t\t<\/div>\n\t\t\t\t<\/div>","protected":false},"excerpt":{"rendered":"<p>1. Paiement par internet banking ou bordereau de paiement sur notre compte Giro. Une fois que le paiement est visible sur notre compte, nous envoyons votre commande \u00e0 l'adresse indiqu\u00e9e par courrier. 2. Cartes R\u00e9clamations Lors de la r\u00e9ception de la marchandise, l'acheteur est tenu de l'examiner et s'il constate un dommage, il peut refuser de la recevoir et la renvoyer \u00e0 l'exp\u00e9diteur. Dans ce cas, l'exp\u00e9diteur renvoie [\u2026]<\/p>","protected":false},"author":4,"featured_media":0,"parent":0,"menu_order":0,"comment_status":"closed","ping_status":"closed","template":"elementor_header_footer","meta":{"footnotes":""},"class_list":["post-271","page","type-page","status-publish","hentry"],"yoast_head":"<!-- This site is optimized with the Yoast SEO plugin v27.3 - https:\/\/yoast.com\/product\/yoast-seo-wordpress\/ -->\n<title>Na\u010dini pla\u0107anja - Wild Plant Health<\/title>\n<meta name=\"robots\" content=\"index, follow, max-snippet:-1, max-image-preview:large, max-video-preview:-1\" \/>\n<link rel=\"canonical\" href=\"https:\/\/wildplanthealth.com\/fr\/nacini-placanja\/\" \/>\n<meta property=\"og:locale\" content=\"fr_FR\" \/>\n<meta property=\"og:type\" content=\"article\" \/>\n<meta property=\"og:title\" content=\"Na\u010dini pla\u0107anja - Wild Plant Health\" \/>\n<meta property=\"og:description\" content=\"1. Uplata internet bankarstvom ili uplatnicom na na\u0161 \u017eiro ra\u010dun. Nakon \u0161to uplata bude vidljiva na na\u0161em ra\u010dunu, po\u0161tom \u0161aljemo Va\u0161u narud\u017ebu na navedenu adresu. 2. Karticama Reklamacije Pri primitku robe kupac je du\u017ean istu pregledati i ako uo\u010di bilo kakvo o\u0161te\u0107enje mo\u017ee odbiti primitak iste te ju vratiti po\u0161iljatelju. U tom slu\u010daju po\u0161iljatelj vra\u0107a [&hellip;]\" \/>\n<meta property=\"og:url\" content=\"https:\/\/wildplanthealth.com\/fr\/nacini-placanja\/\" \/>\n<meta property=\"og:site_name\" content=\"Wild Plant Health\" \/>\n<meta property=\"article:modified_time\" content=\"2026-03-13T10:34:31+00:00\" \/>\n<meta name=\"twitter:card\" content=\"summary_large_image\" \/>\n<meta name=\"twitter:label1\" content=\"Dur\u00e9e de lecture estim\u00e9e\" \/>\n\t<meta name=\"twitter:data1\" content=\"1 minute\" \/>\n<script type=\"application\/ld+json\" class=\"yoast-schema-graph\">{\"@context\":\"https:\\\/\\\/schema.org\",\"@graph\":[{\"@type\":\"WebPage\",\"@id\":\"https:\\\/\\\/wildplanthealth.com\\\/nacini-placanja\\\/\",\"url\":\"https:\\\/\\\/wildplanthealth.com\\\/nacini-placanja\\\/\",\"name\":\"Na\u010dini pla\u0107anja - Wild Plant Health\",\"isPartOf\":{\"@id\":\"https:\\\/\\\/wildplanthealth.com\\\/#website\"},\"datePublished\":\"2025-11-12T16:17:50+00:00\",\"dateModified\":\"2026-03-13T10:34:31+00:00\",\"breadcrumb\":{\"@id\":\"https:\\\/\\\/wildplanthealth.com\\\/nacini-placanja\\\/#breadcrumb\"},\"inLanguage\":\"fr-FR\",\"potentialAction\":[{\"@type\":\"ReadAction\",\"target\":[\"https:\\\/\\\/wildplanthealth.com\\\/nacini-placanja\\\/\"]}]},{\"@type\":\"BreadcrumbList\",\"@id\":\"https:\\\/\\\/wildplanthealth.com\\\/nacini-placanja\\\/#breadcrumb\",\"itemListElement\":[{\"@type\":\"ListItem\",\"position\":1,\"name\":\"Po\u010detna stranica\",\"item\":\"https:\\\/\\\/wildplanthealth.com\\\/\"},{\"@type\":\"ListItem\",\"position\":2,\"name\":\"Na\u010dini pla\u0107anja\"}]},{\"@type\":\"WebSite\",\"@id\":\"https:\\\/\\\/wildplanthealth.com\\\/#website\",\"url\":\"https:\\\/\\\/wildplanthealth.com\\\/\",\"name\":\"Wild Plant Health\",\"description\":\"\",\"publisher\":{\"@id\":\"https:\\\/\\\/wildplanthealth.com\\\/#organization\"},\"potentialAction\":[{\"@type\":\"SearchAction\",\"target\":{\"@type\":\"EntryPoint\",\"urlTemplate\":\"https:\\\/\\\/wildplanthealth.com\\\/?s={search_term_string}\"},\"query-input\":{\"@type\":\"PropertyValueSpecification\",\"valueRequired\":true,\"valueName\":\"search_term_string\"}}],\"inLanguage\":\"fr-FR\"},{\"@type\":\"Organization\",\"@id\":\"https:\\\/\\\/wildplanthealth.com\\\/#organization\",\"name\":\"Wild Plant Health\",\"url\":\"https:\\\/\\\/wildplanthealth.com\\\/\",\"logo\":{\"@type\":\"ImageObject\",\"inLanguage\":\"fr-FR\",\"@id\":\"https:\\\/\\\/wildplanthealth.com\\\/#\\\/schema\\\/logo\\\/image\\\/\",\"url\":\"https:\\\/\\\/wildplanthealth.com\\\/wp-content\\\/uploads\\\/2026\\\/03\\\/logo-1.png\",\"contentUrl\":\"https:\\\/\\\/wildplanthealth.com\\\/wp-content\\\/uploads\\\/2026\\\/03\\\/logo-1.png\",\"width\":1515,\"height\":2001,\"caption\":\"Wild Plant Health\"},\"image\":{\"@id\":\"https:\\\/\\\/wildplanthealth.com\\\/#\\\/schema\\\/logo\\\/image\\\/\"}}]}<\/script>\n<!-- \/ Yoast SEO plugin. -->","yoast_head_json":{"title":"Na\u010dini pla\u0107anja - Wild Plant Health","robots":{"index":"index","follow":"follow","max-snippet":"max-snippet:-1","max-image-preview":"max-image-preview:large","max-video-preview":"max-video-preview:-1"},"canonical":"https:\/\/wildplanthealth.com\/fr\/nacini-placanja\/","og_locale":"fr_FR","og_type":"article","og_title":"Na\u010dini pla\u0107anja - Wild Plant Health","og_description":"1. Uplata internet bankarstvom ili uplatnicom na na\u0161 \u017eiro ra\u010dun. Nakon \u0161to uplata bude vidljiva na na\u0161em ra\u010dunu, po\u0161tom \u0161aljemo Va\u0161u narud\u017ebu na navedenu adresu. 2. Karticama Reklamacije Pri primitku robe kupac je du\u017ean istu pregledati i ako uo\u010di bilo kakvo o\u0161te\u0107enje mo\u017ee odbiti primitak iste te ju vratiti po\u0161iljatelju. U tom slu\u010daju po\u0161iljatelj vra\u0107a [&hellip;]","og_url":"https:\/\/wildplanthealth.com\/fr\/nacini-placanja\/","og_site_name":"Wild Plant Health","article_modified_time":"2026-03-13T10:34:31+00:00","twitter_card":"summary_large_image","twitter_misc":{"Dur\u00e9e de lecture estim\u00e9e":"1 minute"},"schema":{"@context":"https:\/\/schema.org","@graph":[{"@type":"WebPage","@id":"https:\/\/wildplanthealth.com\/nacini-placanja\/","url":"https:\/\/wildplanthealth.com\/nacini-placanja\/","name":"Na\u010dini pla\u0107anja - Wild Plant Health","isPartOf":{"@id":"https:\/\/wildplanthealth.com\/#website"},"datePublished":"2025-11-12T16:17:50+00:00","dateModified":"2026-03-13T10:34:31+00:00","breadcrumb":{"@id":"https:\/\/wildplanthealth.com\/nacini-placanja\/#breadcrumb"},"inLanguage":"fr-FR","potentialAction":[{"@type":"ReadAction","target":["https:\/\/wildplanthealth.com\/nacini-placanja\/"]}]},{"@type":"BreadcrumbList","@id":"https:\/\/wildplanthealth.com\/nacini-placanja\/#breadcrumb","itemListElement":[{"@type":"ListItem","position":1,"name":"Po\u010detna stranica","item":"https:\/\/wildplanthealth.com\/"},{"@type":"ListItem","position":2,"name":"Na\u010dini pla\u0107anja"}]},{"@type":"WebSite","@id":"https:\/\/wildplanthealth.com\/#website","url":"https:\/\/wildplanthealth.com\/","name":"Wild Plant Health","description":"","publisher":{"@id":"https:\/\/wildplanthealth.com\/#organization"},"potentialAction":[{"@type":"SearchAction","target":{"@type":"EntryPoint","urlTemplate":"https:\/\/wildplanthealth.com\/?s={search_term_string}"},"query-input":{"@type":"PropertyValueSpecification","valueRequired":true,"valueName":"search_term_string"}}],"inLanguage":"fr-FR"},{"@type":"Organization","@id":"https:\/\/wildplanthealth.com\/#organization","name":"Wild Plant Health","url":"https:\/\/wildplanthealth.com\/","logo":{"@type":"ImageObject","inLanguage":"fr-FR","@id":"https:\/\/wildplanthealth.com\/#\/schema\/logo\/image\/","url":"https:\/\/wildplanthealth.com\/wp-content\/uploads\/2026\/03\/logo-1.png","contentUrl":"https:\/\/wildplanthealth.com\/wp-content\/uploads\/2026\/03\/logo-1.png","width":1515,"height":2001,"caption":"Wild Plant Health"},"image":{"@id":"https:\/\/wildplanthealth.com\/#\/schema\/logo\/image\/"}}]}},"_links":{"self":[{"href":"https:\/\/wildplanthealth.com\/fr\/wp-json\/wp\/v2\/pages\/271","targetHints":{"allow":["GET"]}}],"collection":[{"href":"https:\/\/wildplanthealth.com\/fr\/wp-json\/wp\/v2\/pages"}],"about":[{"href":"https:\/\/wildplanthealth.com\/fr\/wp-json\/wp\/v2\/types\/page"}],"author":[{"embeddable":true,"href":"https:\/\/wildplanthealth.com\/fr\/wp-json\/wp\/v2\/users\/4"}],"replies":[{"embeddable":true,"href":"https:\/\/wildplanthealth.com\/fr\/wp-json\/wp\/v2\/comments?post=271"}],"version-history":[{"count":4,"href":"https:\/\/wildplanthealth.com\/fr\/wp-json\/wp\/v2\/pages\/271\/revisions"}],"predecessor-version":[{"id":867,"href":"https:\/\/wildplanthealth.com\/fr\/wp-json\/wp\/v2\/pages\/271\/revisions\/867"}],"wp:attachment":[{"href":"https:\/\/wildplanthealth.com\/fr\/wp-json\/wp\/v2\/media?parent=271"}],"curies":[{"name":"wp","href":"https:\/\/api.w.org\/{rel}","templated":true}]}}