{"id":273,"date":"2025-11-12T16:19:57","date_gmt":"2025-11-12T16:19:57","guid":{"rendered":"https:\/\/wildplanthealth.com\/?page_id=273"},"modified":"2026-03-13T10:34:31","modified_gmt":"2026-03-13T10:34:31","slug":"nacini-dostave","status":"publish","type":"page","link":"https:\/\/wildplanthealth.com\/fr\/nacini-dostave\/","title":{"rendered":"Modes de livraison"},"content":{"rendered":"<div data-elementor-type=\"wp-page\" data-elementor-id=\"273\" class=\"elementor elementor-273\" data-elementor-post-type=\"page\">\n\t\t\t\t<div class=\"elementor-element elementor-element-285ebdff e-flex e-con-boxed e-con e-parent\" data-id=\"285ebdff\" data-element_type=\"container\" data-e-type=\"container\" data-settings=\"{&quot;background_background&quot;:&quot;classic&quot;}\">\n\t\t\t\t\t<div class=\"e-con-inner\">\n\t\t<div class=\"elementor-element elementor-element-1a95b21d e-con-full e-flex e-con e-child\" data-id=\"1a95b21d\" data-element_type=\"container\" data-e-type=\"container\" data-settings=\"{&quot;background_background&quot;:&quot;classic&quot;}\">\n\t\t\t\t<div class=\"elementor-element elementor-element-7df8f765 elementor-widget elementor-widget-heading\" data-id=\"7df8f765\" data-element_type=\"widget\" data-e-type=\"widget\" data-widget_type=\"heading.default\">\n\t\t\t\t<div class=\"elementor-widget-container\">\n\t\t\t\t\t<h1 class=\"elementor-heading-title elementor-size-default\">Modes de livraison<\/h1>\t\t\t\t<\/div>\n\t\t\t\t<\/div>\n\t\t\t\t<\/div>\n\t\t\t\t\t<\/div>\n\t\t\t\t<\/div>\n\t\t<div class=\"elementor-element elementor-element-75c12c4 e-flex e-con-boxed e-con e-parent\" data-id=\"75c12c4\" data-element_type=\"container\" data-e-type=\"container\">\n\t\t\t\t\t<div class=\"e-con-inner\">\n\t\t\t\t<div class=\"elementor-element elementor-element-71fdb6c0 elementor-widget elementor-widget-text-editor\" data-id=\"71fdb6c0\" data-element_type=\"widget\" data-e-type=\"widget\" data-widget_type=\"text-editor.default\">\n\t\t\t\t<div class=\"elementor-widget-container\">\n\t\t\t\t\t\t\t\t\t\n<p>La livraison se fait tous les jours ouvrables. La livraison est gratuite pour tous les produits. Pour la livraison, les coordonn\u00e9es exactes avec l'adresse et le num\u00e9ro de t\u00e9l\u00e9phone doivent \u00eatre saisies afin que la livraison soit effectu\u00e9e correctement.<\/p>\n\n<p>La livraison se fait par service de messagerie par livraison \u00e0 domicile.<\/p>\n\n<p>Si le service de messagerie modifie le prix de livraison, le vendeur indiquera clairement le nouveau prix dans la boutique en ligne.<\/p>\n\n<p>Malheureusement, nous ne sommes pas en mesure d'influencer la vitesse de livraison et les complications \u00e9ventuelles li\u00e9es \u00e0 la livraison elle-m\u00eame caus\u00e9es par le service de livraison.<\/p>\n\n<p>Si le client n'est pas \u00e0 l'adresse de livraison lors de la tentative de livraison, le service de livraison laissera un avis avec le num\u00e9ro d'exp\u00e9dition et les instructions pour les \u00e9tapes suivantes.<\/p>\n\n<p>Dans le cas o\u00f9 l'acheteur commande les marchandises et refuse de les recevoir, Wild Plant Health d.o.o. a le droit de refuser \u00e0 l'acheteur le montant pay\u00e9 du prix d'achat.<\/p>\n\n<p>Si l'Acheteur qui n'a pas re\u00e7u les marchandises commande \u00e0 nouveau les marchandises via la boutique en ligne, le Vendeur se r\u00e9serve le droit de refuser le traitement ult\u00e9rieur de la commande ainsi que le droit de facturer.<\/p>\n\n<p>Wild Plant Health d.o.o. se r\u00e9serve le droit de ne pas envoyer de commandes avec des informations de contact incorrectes\/incompl\u00e8tes, ainsi que des commandes par e-mail\/t\u00e9l\u00e9phone auxquelles personne ne r\u00e9pond.<\/p>\n\n<p>\u00a0<\/p>\n\t\t\t\t\t\t\t\t<\/div>\n\t\t\t\t<\/div>\n\t\t\t\t\t<\/div>\n\t\t\t\t<\/div>\n\t\t\t\t<\/div>","protected":false},"excerpt":{"rendered":"<p>La livraison se fait tous les jours ouvrables. La livraison est gratuite pour tous les produits. Pour la livraison, les coordonn\u00e9es exactes avec l'adresse et le num\u00e9ro de t\u00e9l\u00e9phone doivent \u00eatre saisies afin que la livraison soit effectu\u00e9e correctement. La livraison se fait par service de messagerie par livraison \u00e0 domicile. Si le service de messagerie modifie le prix de livraison, le vendeur indiquera clairement le nouveau prix en [\u2026]<\/p>","protected":false},"author":4,"featured_media":0,"parent":0,"menu_order":0,"comment_status":"closed","ping_status":"closed","template":"elementor_header_footer","meta":{"footnotes":""},"class_list":["post-273","page","type-page","status-publish","hentry"],"yoast_head":"<!-- This site is optimized with the Yoast SEO plugin v27.3 - https:\/\/yoast.com\/product\/yoast-seo-wordpress\/ -->\n<title>Na\u010dini dostave - Wild Plant Health<\/title>\n<meta name=\"robots\" content=\"index, follow, max-snippet:-1, max-image-preview:large, max-video-preview:-1\" \/>\n<link rel=\"canonical\" href=\"https:\/\/wildplanthealth.com\/fr\/nacini-dostave\/\" \/>\n<meta property=\"og:locale\" content=\"fr_FR\" \/>\n<meta property=\"og:type\" content=\"article\" \/>\n<meta property=\"og:title\" content=\"Na\u010dini dostave - Wild Plant Health\" \/>\n<meta property=\"og:description\" content=\"Dostava se vr\u0161i svaki radni dan. Dostava je besplatna za sve proizvode. Za dostavu se moraju upisati to\u010dni kontakt podaci sa navedenom adresom i brojem telefona da bi se dostava mogla pravilno izvr\u0161iti. Dostava se vr\u0161i kurirskom slu\u017ebom dostavom na ku\u0107nu adresu. Ukoliko kurirska slu\u017eba izmijeni cijenu dostave, prodavatelj \u0107e novu cijenu jasno iskazati u [&hellip;]\" \/>\n<meta property=\"og:url\" content=\"https:\/\/wildplanthealth.com\/fr\/nacini-dostave\/\" \/>\n<meta property=\"og:site_name\" content=\"Wild Plant Health\" \/>\n<meta property=\"article:modified_time\" content=\"2026-03-13T10:34:31+00:00\" \/>\n<meta name=\"twitter:card\" content=\"summary_large_image\" \/>\n<meta name=\"twitter:label1\" content=\"Dur\u00e9e de lecture estim\u00e9e\" \/>\n\t<meta name=\"twitter:data1\" content=\"1 minute\" \/>\n<script type=\"application\/ld+json\" class=\"yoast-schema-graph\">{\"@context\":\"https:\\\/\\\/schema.org\",\"@graph\":[{\"@type\":\"WebPage\",\"@id\":\"https:\\\/\\\/wildplanthealth.com\\\/nacini-dostave\\\/\",\"url\":\"https:\\\/\\\/wildplanthealth.com\\\/nacini-dostave\\\/\",\"name\":\"Na\u010dini dostave - Wild Plant Health\",\"isPartOf\":{\"@id\":\"https:\\\/\\\/wildplanthealth.com\\\/#website\"},\"datePublished\":\"2025-11-12T16:19:57+00:00\",\"dateModified\":\"2026-03-13T10:34:31+00:00\",\"breadcrumb\":{\"@id\":\"https:\\\/\\\/wildplanthealth.com\\\/nacini-dostave\\\/#breadcrumb\"},\"inLanguage\":\"fr-FR\",\"potentialAction\":[{\"@type\":\"ReadAction\",\"target\":[\"https:\\\/\\\/wildplanthealth.com\\\/nacini-dostave\\\/\"]}]},{\"@type\":\"BreadcrumbList\",\"@id\":\"https:\\\/\\\/wildplanthealth.com\\\/nacini-dostave\\\/#breadcrumb\",\"itemListElement\":[{\"@type\":\"ListItem\",\"position\":1,\"name\":\"Po\u010detna stranica\",\"item\":\"https:\\\/\\\/wildplanthealth.com\\\/\"},{\"@type\":\"ListItem\",\"position\":2,\"name\":\"Na\u010dini dostave\"}]},{\"@type\":\"WebSite\",\"@id\":\"https:\\\/\\\/wildplanthealth.com\\\/#website\",\"url\":\"https:\\\/\\\/wildplanthealth.com\\\/\",\"name\":\"Wild Plant Health\",\"description\":\"\",\"publisher\":{\"@id\":\"https:\\\/\\\/wildplanthealth.com\\\/#organization\"},\"potentialAction\":[{\"@type\":\"SearchAction\",\"target\":{\"@type\":\"EntryPoint\",\"urlTemplate\":\"https:\\\/\\\/wildplanthealth.com\\\/?s={search_term_string}\"},\"query-input\":{\"@type\":\"PropertyValueSpecification\",\"valueRequired\":true,\"valueName\":\"search_term_string\"}}],\"inLanguage\":\"fr-FR\"},{\"@type\":\"Organization\",\"@id\":\"https:\\\/\\\/wildplanthealth.com\\\/#organization\",\"name\":\"Wild Plant Health\",\"url\":\"https:\\\/\\\/wildplanthealth.com\\\/\",\"logo\":{\"@type\":\"ImageObject\",\"inLanguage\":\"fr-FR\",\"@id\":\"https:\\\/\\\/wildplanthealth.com\\\/#\\\/schema\\\/logo\\\/image\\\/\",\"url\":\"https:\\\/\\\/wildplanthealth.com\\\/wp-content\\\/uploads\\\/2026\\\/03\\\/logo-1.png\",\"contentUrl\":\"https:\\\/\\\/wildplanthealth.com\\\/wp-content\\\/uploads\\\/2026\\\/03\\\/logo-1.png\",\"width\":1515,\"height\":2001,\"caption\":\"Wild Plant Health\"},\"image\":{\"@id\":\"https:\\\/\\\/wildplanthealth.com\\\/#\\\/schema\\\/logo\\\/image\\\/\"}}]}<\/script>\n<!-- \/ Yoast SEO plugin. -->","yoast_head_json":{"title":"Na\u010dini dostave - Wild Plant Health","robots":{"index":"index","follow":"follow","max-snippet":"max-snippet:-1","max-image-preview":"max-image-preview:large","max-video-preview":"max-video-preview:-1"},"canonical":"https:\/\/wildplanthealth.com\/fr\/nacini-dostave\/","og_locale":"fr_FR","og_type":"article","og_title":"Na\u010dini dostave - Wild Plant Health","og_description":"Dostava se vr\u0161i svaki radni dan. Dostava je besplatna za sve proizvode. Za dostavu se moraju upisati to\u010dni kontakt podaci sa navedenom adresom i brojem telefona da bi se dostava mogla pravilno izvr\u0161iti. Dostava se vr\u0161i kurirskom slu\u017ebom dostavom na ku\u0107nu adresu. Ukoliko kurirska slu\u017eba izmijeni cijenu dostave, prodavatelj \u0107e novu cijenu jasno iskazati u [&hellip;]","og_url":"https:\/\/wildplanthealth.com\/fr\/nacini-dostave\/","og_site_name":"Wild Plant Health","article_modified_time":"2026-03-13T10:34:31+00:00","twitter_card":"summary_large_image","twitter_misc":{"Dur\u00e9e de lecture estim\u00e9e":"1 minute"},"schema":{"@context":"https:\/\/schema.org","@graph":[{"@type":"WebPage","@id":"https:\/\/wildplanthealth.com\/nacini-dostave\/","url":"https:\/\/wildplanthealth.com\/nacini-dostave\/","name":"Na\u010dini dostave - Wild Plant Health","isPartOf":{"@id":"https:\/\/wildplanthealth.com\/#website"},"datePublished":"2025-11-12T16:19:57+00:00","dateModified":"2026-03-13T10:34:31+00:00","breadcrumb":{"@id":"https:\/\/wildplanthealth.com\/nacini-dostave\/#breadcrumb"},"inLanguage":"fr-FR","potentialAction":[{"@type":"ReadAction","target":["https:\/\/wildplanthealth.com\/nacini-dostave\/"]}]},{"@type":"BreadcrumbList","@id":"https:\/\/wildplanthealth.com\/nacini-dostave\/#breadcrumb","itemListElement":[{"@type":"ListItem","position":1,"name":"Po\u010detna stranica","item":"https:\/\/wildplanthealth.com\/"},{"@type":"ListItem","position":2,"name":"Na\u010dini dostave"}]},{"@type":"WebSite","@id":"https:\/\/wildplanthealth.com\/#website","url":"https:\/\/wildplanthealth.com\/","name":"Wild Plant Health","description":"","publisher":{"@id":"https:\/\/wildplanthealth.com\/#organization"},"potentialAction":[{"@type":"SearchAction","target":{"@type":"EntryPoint","urlTemplate":"https:\/\/wildplanthealth.com\/?s={search_term_string}"},"query-input":{"@type":"PropertyValueSpecification","valueRequired":true,"valueName":"search_term_string"}}],"inLanguage":"fr-FR"},{"@type":"Organization","@id":"https:\/\/wildplanthealth.com\/#organization","name":"Wild Plant Health","url":"https:\/\/wildplanthealth.com\/","logo":{"@type":"ImageObject","inLanguage":"fr-FR","@id":"https:\/\/wildplanthealth.com\/#\/schema\/logo\/image\/","url":"https:\/\/wildplanthealth.com\/wp-content\/uploads\/2026\/03\/logo-1.png","contentUrl":"https:\/\/wildplanthealth.com\/wp-content\/uploads\/2026\/03\/logo-1.png","width":1515,"height":2001,"caption":"Wild Plant Health"},"image":{"@id":"https:\/\/wildplanthealth.com\/#\/schema\/logo\/image\/"}}]}},"_links":{"self":[{"href":"https:\/\/wildplanthealth.com\/fr\/wp-json\/wp\/v2\/pages\/273","targetHints":{"allow":["GET"]}}],"collection":[{"href":"https:\/\/wildplanthealth.com\/fr\/wp-json\/wp\/v2\/pages"}],"about":[{"href":"https:\/\/wildplanthealth.com\/fr\/wp-json\/wp\/v2\/types\/page"}],"author":[{"embeddable":true,"href":"https:\/\/wildplanthealth.com\/fr\/wp-json\/wp\/v2\/users\/4"}],"replies":[{"embeddable":true,"href":"https:\/\/wildplanthealth.com\/fr\/wp-json\/wp\/v2\/comments?post=273"}],"version-history":[{"count":5,"href":"https:\/\/wildplanthealth.com\/fr\/wp-json\/wp\/v2\/pages\/273\/revisions"}],"predecessor-version":[{"id":870,"href":"https:\/\/wildplanthealth.com\/fr\/wp-json\/wp\/v2\/pages\/273\/revisions\/870"}],"wp:attachment":[{"href":"https:\/\/wildplanthealth.com\/fr\/wp-json\/wp\/v2\/media?parent=273"}],"curies":[{"name":"wp","href":"https:\/\/api.w.org\/{rel}","templated":true}]}}