{"id":278,"date":"2025-11-12T16:26:03","date_gmt":"2025-11-12T16:26:03","guid":{"rendered":"https:\/\/wildplanthealth.com\/?page_id=278"},"modified":"2026-03-13T10:34:32","modified_gmt":"2026-03-13T10:34:32","slug":"pravila-privatnosti","status":"publish","type":"page","link":"https:\/\/wildplanthealth.com\/it\/pravila-privatnosti\/","title":{"rendered":"Informativa sulla privacy"},"content":{"rendered":"<div data-elementor-type=\"wp-page\" data-elementor-id=\"278\" class=\"elementor elementor-278\" data-elementor-post-type=\"page\">\n\t\t\t\t<div class=\"elementor-element elementor-element-dc4cf82 e-flex e-con-boxed e-con e-parent\" data-id=\"dc4cf82\" data-element_type=\"container\" data-e-type=\"container\" data-settings=\"{&quot;background_background&quot;:&quot;classic&quot;}\">\n\t\t\t\t\t<div class=\"e-con-inner\">\n\t\t<div class=\"elementor-element elementor-element-5ce335b9 e-con-full e-flex e-con e-child\" data-id=\"5ce335b9\" data-element_type=\"container\" data-e-type=\"container\" data-settings=\"{&quot;background_background&quot;:&quot;classic&quot;}\">\n\t\t\t\t<div class=\"elementor-element elementor-element-69e3ca1a elementor-widget elementor-widget-heading\" data-id=\"69e3ca1a\" data-element_type=\"widget\" data-e-type=\"widget\" data-widget_type=\"heading.default\">\n\t\t\t\t<div class=\"elementor-widget-container\">\n\t\t\t\t\t<h1 class=\"elementor-heading-title elementor-size-default\">Informativa sulla privacy<\/h1>\t\t\t\t<\/div>\n\t\t\t\t<\/div>\n\t\t\t\t<\/div>\n\t\t\t\t\t<\/div>\n\t\t\t\t<\/div>\n\t\t<div class=\"elementor-element elementor-element-149dd716 e-flex e-con-boxed e-con e-parent\" data-id=\"149dd716\" data-element_type=\"container\" data-e-type=\"container\">\n\t\t\t\t\t<div class=\"e-con-inner\">\n\t\t\t\t<div class=\"elementor-element elementor-element-554ae8e5 elementor-widget elementor-widget-text-editor\" data-id=\"554ae8e5\" data-element_type=\"widget\" data-e-type=\"widget\" data-widget_type=\"text-editor.default\">\n\t\t\t\t<div class=\"elementor-widget-container\">\n\t\t\t\t\t\t\t\t\t\n<h3 class=\"wp-block-heading\">INFORMAZIONI DA RACCOLTA<\/h3>\n\n<p>Accesso al sito web <strong>wildplanthealth.com<\/strong> \u00e8 gratuito e non \u00e8 richiesta la registrazione. Contattandoti tramite moduli di contatto o via e-mail, inserisci i tuoi dati. Queste informazioni sono disponibili solo sul sito web <strong>wildplanthealth.com<\/strong> a chi sono indirizzati allo scopo di gestire la tua richiesta. Fornire le tue informazioni personali \u00e8 volontario. Non trattiamo pi\u00f9 dati personali di quanto sia realmente necessario per rispondere alla tua richiesta.<\/p>\n\n<h3 class=\"wp-block-heading\">PROTEZIONE DEI TUOI DATI PERSONALI<\/h3>\n\n<p>Pagina <strong>wildplanthealth.com<\/strong> rispetta la tua privacy e tratta i tuoi dati personali in modo equo e lecito. Conserviamo i tuoi dati personali in forma elettronica e per scopi di protezione applichiamo adeguate misure tecniche e organizzative di protezione dei dati personali e procedure per impedire l'accesso ai dati personali senza autorizzazione.<\/p>\n\n<h3 class=\"wp-block-heading\">COOKIE<\/h3>\n\n<p>Siti web <strong><a href=\"https:\/\/wildplanthealth.com\/it\/\">www.wildplanthealth.com<\/a><\/strong> Utilizzano i cosiddetti \"cookie\". <em>cookie<\/em>) al fine di poter fornire all'utente un servizio con funzionalit\u00e0 complete e contenuti di altissima qualit\u00e0. I cookie sono un insieme di dati generati dal server del sito web e memorizzati dal browser web sul disco dell'utente sotto forma di un piccolo file di testo. Ci sforziamo costantemente di fornire ai nostri utenti la migliore esperienza utente possibile, quindi va notato che i nostri siti web funzionano in modo ottimale solo se i cookie sono abilitati.<\/p>\n\n<p>Per utilizzare i cookie in conformit\u00e0 con la legge sulle comunicazioni elettroniche, la legge sulla protezione dei dati personali e le direttive dell'UE, abbiamo bisogno del tuo consenso. Utilizzando questo sito web, l'utente acconsente e acconsente all'uso dei cookie. Bloccando i cookie, puoi comunque navigare nel sito, ma alcune delle sue funzionalit\u00e0 non saranno disponibili per te.<\/p>\n\n<h3 class=\"wp-block-heading\">COSTRUIRE CONTENUTI CON ALTRI SITI WEB<\/h3>\n\n<p>Gli articoli su questo sito web possono contenere contenuti incorporati (ad esempio video, immagini, articoli, ecc.). I contenuti incorporati di altri siti web si comportano come se il visitatore avesse visitato quell'altro sito web.<\/p>\n\n<h3 class=\"wp-block-heading\">MISURE DI PROTEZIONE<\/h3>\n\n<p>Pagina <strong>wildplanthealth.com<\/strong> utilizza misure tecnologiche e di sicurezza, regole e altre procedure per proteggere i dati personali degli utenti di questo sito da accessi non autorizzati, uso improprio, divulgazione, perdita o distruzione. Al fine di proteggere la riservatezza delle informazioni sugli utenti del sito, utilizziamo misure di sicurezza standard del settore, come la protezione firewall e la protezione con password.<\/p>\n\n<p>Tuttavia, l'utente \u00e8 tenuto a garantire che il computer che utilizza sia anche sicuro e protetto da malware come trojan, virus informatici e worm. L'utente del sito \u00e8 consapevole che senza adeguate misure di sicurezza (ad esempio, configurazione sicura del browser Internet, programmi antivirus aggiornati, programmi firewall personali, non utilizzo di programmi da fonti sospette) esiste il rischio che i dati e le password utilizzate per impedire l'accesso ai dati personali possano essere divulgati a terzi non autorizzati.<\/p>\n\n<h3 class=\"wp-block-heading\">STATISTICHE DELL'AZIENDA<\/h3>\n\n<p>Questo sito web utilizza Google Analytics per misurare le statistiche dei visitatori.<\/p>\n\n<h3 class=\"wp-block-heading\">LIMITAZIONE DELLA RESPONSABILIT\u00c0<\/h3>\n\n<p>Sebbene adottiamo misure tecniche e organizzative disponibili per impedire la divulgazione non autorizzata delle tue informazioni personali, non possiamo garantire che alcune delle informazioni personali che raccogliamo non saranno mai divulgate accidentalmente, in contrasto con le disposizioni della presente Informativa sulla privacy. Nella misura massima consentita dalla legge, escludiamo la responsabilit\u00e0 per danni causati agli utenti o a terzi dalla divulgazione accidentale di dati personali.<\/p>\n\t\t\t\t\t\t\t\t<\/div>\n\t\t\t\t<\/div>\n\t\t\t\t\t<\/div>\n\t\t\t\t<\/div>\n\t\t\t\t<\/div>","protected":false},"excerpt":{"rendered":"<p>L'accesso al sito web wildplanthealth.com \u00e8 gratuito e non \u00e8 richiesta la registrazione. Contattandoti tramite moduli di contatto o via e-mail, inserisci i tuoi dati. Queste informazioni sono disponibili solo su wildplanthealth.com a cui sono indirizzate allo scopo di gestire la tua richiesta. Fornire le tue informazioni personali \u00e8 volontario. Non trattiamo pi\u00f9 dati personali di quanto sia realmente necessario per [\u2026]<\/p>","protected":false},"author":4,"featured_media":0,"parent":0,"menu_order":0,"comment_status":"closed","ping_status":"closed","template":"elementor_header_footer","meta":{"footnotes":""},"class_list":["post-278","page","type-page","status-publish","hentry"],"yoast_head":"<!-- This site is optimized with the Yoast SEO plugin v27.3 - https:\/\/yoast.com\/product\/yoast-seo-wordpress\/ -->\n<title>Pravila privatnosti - Wild Plant Health<\/title>\n<meta name=\"robots\" content=\"index, follow, max-snippet:-1, max-image-preview:large, max-video-preview:-1\" \/>\n<link rel=\"canonical\" href=\"https:\/\/wildplanthealth.com\/it\/pravila-privatnosti\/\" \/>\n<meta property=\"og:locale\" content=\"it_IT\" \/>\n<meta property=\"og:type\" content=\"article\" \/>\n<meta property=\"og:title\" content=\"Pravila privatnosti - Wild Plant Health\" \/>\n<meta property=\"og:description\" content=\"PODACI KOJE PRIKUPLJAMO Pristup web stranici wildplanthealth.com je slobodan i ne tra\u017ei se registracija. Kontaktiranjem putem kontakt-obrazaca ili elektroni\u010dkom po\u0161tom ispunjavate svoje podatke. Ti su podaci dostupni isklju\u010divo stranici wildplanthealth.com kojima su upu\u0107eni u svrhu rje\u0161avanja va\u0161eg upita. Davanje va\u0161ih osobnih podataka je dobrovoljno. Ne obra\u0111ujemo vi\u0161e osobnih podataka no \u0161to je doista potrebno za [&hellip;]\" \/>\n<meta property=\"og:url\" content=\"https:\/\/wildplanthealth.com\/it\/pravila-privatnosti\/\" \/>\n<meta property=\"og:site_name\" content=\"Wild Plant Health\" \/>\n<meta property=\"article:modified_time\" content=\"2026-03-13T10:34:32+00:00\" \/>\n<meta name=\"twitter:card\" content=\"summary_large_image\" \/>\n<meta name=\"twitter:label1\" content=\"Tempo di lettura stimato\" \/>\n\t<meta name=\"twitter:data1\" content=\"3 minutes\" \/>\n<script type=\"application\/ld+json\" class=\"yoast-schema-graph\">{\"@context\":\"https:\\\/\\\/schema.org\",\"@graph\":[{\"@type\":\"WebPage\",\"@id\":\"https:\\\/\\\/wildplanthealth.com\\\/pravila-privatnosti\\\/\",\"url\":\"https:\\\/\\\/wildplanthealth.com\\\/pravila-privatnosti\\\/\",\"name\":\"Pravila privatnosti - Wild Plant Health\",\"isPartOf\":{\"@id\":\"https:\\\/\\\/wildplanthealth.com\\\/#website\"},\"datePublished\":\"2025-11-12T16:26:03+00:00\",\"dateModified\":\"2026-03-13T10:34:32+00:00\",\"breadcrumb\":{\"@id\":\"https:\\\/\\\/wildplanthealth.com\\\/pravila-privatnosti\\\/#breadcrumb\"},\"inLanguage\":\"it-IT\",\"potentialAction\":[{\"@type\":\"ReadAction\",\"target\":[\"https:\\\/\\\/wildplanthealth.com\\\/pravila-privatnosti\\\/\"]}]},{\"@type\":\"BreadcrumbList\",\"@id\":\"https:\\\/\\\/wildplanthealth.com\\\/pravila-privatnosti\\\/#breadcrumb\",\"itemListElement\":[{\"@type\":\"ListItem\",\"position\":1,\"name\":\"Po\u010detna stranica\",\"item\":\"https:\\\/\\\/wildplanthealth.com\\\/\"},{\"@type\":\"ListItem\",\"position\":2,\"name\":\"Pravila privatnosti\"}]},{\"@type\":\"WebSite\",\"@id\":\"https:\\\/\\\/wildplanthealth.com\\\/#website\",\"url\":\"https:\\\/\\\/wildplanthealth.com\\\/\",\"name\":\"Wild Plant Health\",\"description\":\"\",\"publisher\":{\"@id\":\"https:\\\/\\\/wildplanthealth.com\\\/#organization\"},\"potentialAction\":[{\"@type\":\"SearchAction\",\"target\":{\"@type\":\"EntryPoint\",\"urlTemplate\":\"https:\\\/\\\/wildplanthealth.com\\\/?s={search_term_string}\"},\"query-input\":{\"@type\":\"PropertyValueSpecification\",\"valueRequired\":true,\"valueName\":\"search_term_string\"}}],\"inLanguage\":\"it-IT\"},{\"@type\":\"Organization\",\"@id\":\"https:\\\/\\\/wildplanthealth.com\\\/#organization\",\"name\":\"Wild Plant Health\",\"url\":\"https:\\\/\\\/wildplanthealth.com\\\/\",\"logo\":{\"@type\":\"ImageObject\",\"inLanguage\":\"it-IT\",\"@id\":\"https:\\\/\\\/wildplanthealth.com\\\/#\\\/schema\\\/logo\\\/image\\\/\",\"url\":\"https:\\\/\\\/wildplanthealth.com\\\/wp-content\\\/uploads\\\/2026\\\/03\\\/logo-1.png\",\"contentUrl\":\"https:\\\/\\\/wildplanthealth.com\\\/wp-content\\\/uploads\\\/2026\\\/03\\\/logo-1.png\",\"width\":1515,\"height\":2001,\"caption\":\"Wild Plant Health\"},\"image\":{\"@id\":\"https:\\\/\\\/wildplanthealth.com\\\/#\\\/schema\\\/logo\\\/image\\\/\"}}]}<\/script>\n<!-- \/ Yoast SEO plugin. -->","yoast_head_json":{"title":"Pravila privatnosti - Wild Plant Health","robots":{"index":"index","follow":"follow","max-snippet":"max-snippet:-1","max-image-preview":"max-image-preview:large","max-video-preview":"max-video-preview:-1"},"canonical":"https:\/\/wildplanthealth.com\/it\/pravila-privatnosti\/","og_locale":"it_IT","og_type":"article","og_title":"Pravila privatnosti - Wild Plant Health","og_description":"PODACI KOJE PRIKUPLJAMO Pristup web stranici wildplanthealth.com je slobodan i ne tra\u017ei se registracija. Kontaktiranjem putem kontakt-obrazaca ili elektroni\u010dkom po\u0161tom ispunjavate svoje podatke. Ti su podaci dostupni isklju\u010divo stranici wildplanthealth.com kojima su upu\u0107eni u svrhu rje\u0161avanja va\u0161eg upita. Davanje va\u0161ih osobnih podataka je dobrovoljno. Ne obra\u0111ujemo vi\u0161e osobnih podataka no \u0161to je doista potrebno za [&hellip;]","og_url":"https:\/\/wildplanthealth.com\/it\/pravila-privatnosti\/","og_site_name":"Wild Plant Health","article_modified_time":"2026-03-13T10:34:32+00:00","twitter_card":"summary_large_image","twitter_misc":{"Tempo di lettura stimato":"3 minutes"},"schema":{"@context":"https:\/\/schema.org","@graph":[{"@type":"WebPage","@id":"https:\/\/wildplanthealth.com\/pravila-privatnosti\/","url":"https:\/\/wildplanthealth.com\/pravila-privatnosti\/","name":"Pravila privatnosti - Wild Plant Health","isPartOf":{"@id":"https:\/\/wildplanthealth.com\/#website"},"datePublished":"2025-11-12T16:26:03+00:00","dateModified":"2026-03-13T10:34:32+00:00","breadcrumb":{"@id":"https:\/\/wildplanthealth.com\/pravila-privatnosti\/#breadcrumb"},"inLanguage":"it-IT","potentialAction":[{"@type":"ReadAction","target":["https:\/\/wildplanthealth.com\/pravila-privatnosti\/"]}]},{"@type":"BreadcrumbList","@id":"https:\/\/wildplanthealth.com\/pravila-privatnosti\/#breadcrumb","itemListElement":[{"@type":"ListItem","position":1,"name":"Po\u010detna stranica","item":"https:\/\/wildplanthealth.com\/"},{"@type":"ListItem","position":2,"name":"Pravila privatnosti"}]},{"@type":"WebSite","@id":"https:\/\/wildplanthealth.com\/#website","url":"https:\/\/wildplanthealth.com\/","name":"Wild Plant Health","description":"","publisher":{"@id":"https:\/\/wildplanthealth.com\/#organization"},"potentialAction":[{"@type":"SearchAction","target":{"@type":"EntryPoint","urlTemplate":"https:\/\/wildplanthealth.com\/?s={search_term_string}"},"query-input":{"@type":"PropertyValueSpecification","valueRequired":true,"valueName":"search_term_string"}}],"inLanguage":"it-IT"},{"@type":"Organization","@id":"https:\/\/wildplanthealth.com\/#organization","name":"Wild Plant Health","url":"https:\/\/wildplanthealth.com\/","logo":{"@type":"ImageObject","inLanguage":"it-IT","@id":"https:\/\/wildplanthealth.com\/#\/schema\/logo\/image\/","url":"https:\/\/wildplanthealth.com\/wp-content\/uploads\/2026\/03\/logo-1.png","contentUrl":"https:\/\/wildplanthealth.com\/wp-content\/uploads\/2026\/03\/logo-1.png","width":1515,"height":2001,"caption":"Wild Plant Health"},"image":{"@id":"https:\/\/wildplanthealth.com\/#\/schema\/logo\/image\/"}}]}},"_links":{"self":[{"href":"https:\/\/wildplanthealth.com\/it\/wp-json\/wp\/v2\/pages\/278","targetHints":{"allow":["GET"]}}],"collection":[{"href":"https:\/\/wildplanthealth.com\/it\/wp-json\/wp\/v2\/pages"}],"about":[{"href":"https:\/\/wildplanthealth.com\/it\/wp-json\/wp\/v2\/types\/page"}],"author":[{"embeddable":true,"href":"https:\/\/wildplanthealth.com\/it\/wp-json\/wp\/v2\/users\/4"}],"replies":[{"embeddable":true,"href":"https:\/\/wildplanthealth.com\/it\/wp-json\/wp\/v2\/comments?post=278"}],"version-history":[{"count":4,"href":"https:\/\/wildplanthealth.com\/it\/wp-json\/wp\/v2\/pages\/278\/revisions"}],"predecessor-version":[{"id":860,"href":"https:\/\/wildplanthealth.com\/it\/wp-json\/wp\/v2\/pages\/278\/revisions\/860"}],"wp:attachment":[{"href":"https:\/\/wildplanthealth.com\/it\/wp-json\/wp\/v2\/media?parent=278"}],"curies":[{"name":"wp","href":"https:\/\/api.w.org\/{rel}","templated":true}]}}