{"id":125,"date":"2024-03-19T14:28:13","date_gmt":"2024-03-19T14:28:13","guid":{"rendered":"https:\/\/ruggero:8890\/?page_id=125"},"modified":"2026-03-16T09:41:14","modified_gmt":"2026-03-16T09:41:14","slug":"o-nama","status":"publish","type":"page","link":"https:\/\/wildplanthealth.com\/pl\/o-nama\/","title":{"rendered":"O nas"},"content":{"rendered":"<div data-elementor-type=\"wp-page\" data-elementor-id=\"125\" class=\"elementor elementor-125\" data-elementor-post-type=\"page\">\n\t\t\t\t<div class=\"elementor-element elementor-element-32ae17a3 e-flex e-con-boxed e-con e-parent\" data-id=\"32ae17a3\" data-element_type=\"container\" data-e-type=\"container\" data-settings=\"{&quot;background_background&quot;:&quot;classic&quot;}\">\n\t\t\t\t\t<div class=\"e-con-inner\">\n\t\t<div class=\"elementor-element elementor-element-362bf390 e-con-full e-flex e-con e-child\" data-id=\"362bf390\" data-element_type=\"container\" data-e-type=\"container\" data-settings=\"{&quot;background_background&quot;:&quot;classic&quot;}\">\n\t\t\t\t<div class=\"elementor-element elementor-element-70edeb97 elementor-widget elementor-widget-heading\" data-id=\"70edeb97\" data-element_type=\"widget\" data-e-type=\"widget\" data-widget_type=\"heading.default\">\n\t\t\t\t<div class=\"elementor-widget-container\">\n\t\t\t\t\t<h1 class=\"elementor-heading-title elementor-size-default\">O nas<\/h1>\t\t\t\t<\/div>\n\t\t\t\t<\/div>\n\t\t\t\t<\/div>\n\t\t\t\t\t<\/div>\n\t\t\t\t<\/div>\n\t\t<div class=\"elementor-element elementor-element-c16d3b8 e-flex e-con-boxed e-con e-parent\" data-id=\"c16d3b8\" data-element_type=\"container\" data-e-type=\"container\" data-settings=\"{&quot;background_background&quot;:&quot;classic&quot;}\">\n\t\t\t\t\t<div class=\"e-con-inner\">\n\t\t<div class=\"elementor-element elementor-element-56d4ddb4 e-con-full e-flex e-con e-child\" data-id=\"56d4ddb4\" data-element_type=\"container\" data-e-type=\"container\">\n\t\t<div class=\"elementor-element elementor-element-27c100ad e-flex e-con-boxed e-con e-child\" data-id=\"27c100ad\" data-element_type=\"container\" data-e-type=\"container\">\n\t\t\t\t\t<div class=\"e-con-inner\">\n\t\t\t\t<div class=\"elementor-element elementor-element-3471d593 elementor-invisible elementor-widget elementor-widget-image\" data-id=\"3471d593\" data-element_type=\"widget\" data-e-type=\"widget\" data-settings=\"{&quot;motion_fx_motion_fx_scrolling&quot;:&quot;yes&quot;,&quot;motion_fx_translateY_effect&quot;:&quot;yes&quot;,&quot;motion_fx_translateY_speed&quot;:{&quot;unit&quot;:&quot;px&quot;,&quot;size&quot;:&quot;2&quot;,&quot;sizes&quot;:[]},&quot;motion_fx_devices&quot;:[&quot;desktop&quot;],&quot;_animation&quot;:&quot;fadeIn&quot;,&quot;motion_fx_translateY_affectedRange&quot;:{&quot;unit&quot;:&quot;%&quot;,&quot;size&quot;:&quot;&quot;,&quot;sizes&quot;:{&quot;start&quot;:0,&quot;end&quot;:100}}}\" data-widget_type=\"image.default\">\n\t\t\t\t<div class=\"elementor-widget-container\">\n\t\t\t\t\t\t\t\t\t\t\t\t\t\t\t<img fetchpriority=\"high\" decoding=\"async\" width=\"683\" height=\"1024\" src=\"https:\/\/wildplanthealth.com\/wp-content\/uploads\/2026\/03\/WhatsApp-Image-2026-03-14-at-10.53.00-683x1024.jpeg\" class=\"attachment-large size-large wp-image-992\" alt=\"\" srcset=\"https:\/\/wildplanthealth.com\/wp-content\/uploads\/2026\/03\/WhatsApp-Image-2026-03-14-at-10.53.00-683x1024.jpeg 683w, https:\/\/wildplanthealth.com\/wp-content\/uploads\/2026\/03\/WhatsApp-Image-2026-03-14-at-10.53.00-200x300.jpeg 200w, https:\/\/wildplanthealth.com\/wp-content\/uploads\/2026\/03\/WhatsApp-Image-2026-03-14-at-10.53.00-768x1152.jpeg 768w, https:\/\/wildplanthealth.com\/wp-content\/uploads\/2026\/03\/WhatsApp-Image-2026-03-14-at-10.53.00-8x12.jpeg 8w, https:\/\/wildplanthealth.com\/wp-content\/uploads\/2026\/03\/WhatsApp-Image-2026-03-14-at-10.53.00-600x900.jpeg 600w, https:\/\/wildplanthealth.com\/wp-content\/uploads\/2026\/03\/WhatsApp-Image-2026-03-14-at-10.53.00-64x96.jpeg 64w, https:\/\/wildplanthealth.com\/wp-content\/uploads\/2026\/03\/WhatsApp-Image-2026-03-14-at-10.53.00.jpeg 1024w\" sizes=\"(max-width: 683px) 100vw, 683px\" \/>\t\t\t\t\t\t\t\t\t\t\t\t\t\t\t<\/div>\n\t\t\t\t<\/div>\n\t\t\t\t\t<\/div>\n\t\t\t\t<\/div>\n\t\t<div class=\"elementor-element elementor-element-41faaa67 elementor-hidden-mobile e-flex e-con-boxed e-con e-child\" data-id=\"41faaa67\" data-element_type=\"container\" data-e-type=\"container\">\n\t\t\t\t\t<div class=\"e-con-inner\">\n\t\t\t\t<div class=\"elementor-element elementor-element-5bd1f97 elementor-invisible elementor-widget elementor-widget-image\" data-id=\"5bd1f97\" data-element_type=\"widget\" data-e-type=\"widget\" data-settings=\"{&quot;motion_fx_motion_fx_scrolling&quot;:&quot;yes&quot;,&quot;motion_fx_translateY_effect&quot;:&quot;yes&quot;,&quot;motion_fx_translateY_direction&quot;:&quot;negative&quot;,&quot;motion_fx_translateY_speed&quot;:{&quot;unit&quot;:&quot;px&quot;,&quot;size&quot;:&quot;2&quot;,&quot;sizes&quot;:[]},&quot;motion_fx_devices&quot;:[&quot;desktop&quot;],&quot;_animation&quot;:&quot;fadeIn&quot;,&quot;motion_fx_translateY_affectedRange&quot;:{&quot;unit&quot;:&quot;%&quot;,&quot;size&quot;:&quot;&quot;,&quot;sizes&quot;:{&quot;start&quot;:0,&quot;end&quot;:100}}}\" data-widget_type=\"image.default\">\n\t\t\t\t<div class=\"elementor-widget-container\">\n\t\t\t\t\t\t\t\t\t\t\t\t\t\t\t<img decoding=\"async\" width=\"683\" height=\"1024\" src=\"https:\/\/wildplanthealth.com\/wp-content\/uploads\/2024\/03\/WhatsApp-Image-2026-02-05-at-12.42.52-683x1024.jpeg\" class=\"attachment-large size-large wp-image-410\" alt=\"\" srcset=\"https:\/\/wildplanthealth.com\/wp-content\/uploads\/2024\/03\/WhatsApp-Image-2026-02-05-at-12.42.52-683x1024.jpeg 683w, https:\/\/wildplanthealth.com\/wp-content\/uploads\/2024\/03\/WhatsApp-Image-2026-02-05-at-12.42.52-200x300.jpeg 200w, https:\/\/wildplanthealth.com\/wp-content\/uploads\/2024\/03\/WhatsApp-Image-2026-02-05-at-12.42.52-768x1152.jpeg 768w, https:\/\/wildplanthealth.com\/wp-content\/uploads\/2024\/03\/WhatsApp-Image-2026-02-05-at-12.42.52-1024x1536.jpeg 1024w, https:\/\/wildplanthealth.com\/wp-content\/uploads\/2024\/03\/WhatsApp-Image-2026-02-05-at-12.42.52-8x12.jpeg 8w, https:\/\/wildplanthealth.com\/wp-content\/uploads\/2024\/03\/WhatsApp-Image-2026-02-05-at-12.42.52-600x900.jpeg 600w, https:\/\/wildplanthealth.com\/wp-content\/uploads\/2024\/03\/WhatsApp-Image-2026-02-05-at-12.42.52.jpeg 1365w\" sizes=\"(max-width: 683px) 100vw, 683px\" \/>\t\t\t\t\t\t\t\t\t\t\t\t\t\t\t<\/div>\n\t\t\t\t<\/div>\n\t\t\t\t\t<\/div>\n\t\t\t\t<\/div>\n\t\t\t\t<\/div>\n\t\t<div class=\"elementor-element elementor-element-77b75973 e-con-full e-flex elementor-invisible e-con e-child\" data-id=\"77b75973\" data-element_type=\"container\" data-e-type=\"container\" data-settings=\"{&quot;animation&quot;:&quot;fadeIn&quot;}\">\n\t\t\t\t<div class=\"elementor-element elementor-element-2b52a31e elementor-widget elementor-widget-heading\" data-id=\"2b52a31e\" data-element_type=\"widget\" data-e-type=\"widget\" data-widget_type=\"heading.default\">\n\t\t\t\t<div class=\"elementor-widget-container\">\n\t\t\t\t\t<h5 class=\"elementor-heading-title elementor-size-default\">Zdrowie dziko rosn\u0105cych ro\u015blin<\/h5>\t\t\t\t<\/div>\n\t\t\t\t<\/div>\n\t\t\t\t<div class=\"elementor-element elementor-element-6bea1467 elementor-widget elementor-widget-heading\" data-id=\"6bea1467\" data-element_type=\"widget\" data-e-type=\"widget\" data-widget_type=\"heading.default\">\n\t\t\t\t<div class=\"elementor-widget-container\">\n\t\t\t\t\t<h2 class=\"elementor-heading-title elementor-size-default\">O nas<\/h2>\t\t\t\t<\/div>\n\t\t\t\t<\/div>\n\t\t\t\t<div class=\"elementor-element elementor-element-a153936 elementor-widget elementor-widget-text-editor\" data-id=\"a153936\" data-element_type=\"widget\" data-e-type=\"widget\" data-widget_type=\"text-editor.default\">\n\t\t\t\t<div class=\"elementor-widget-container\">\n\t\t\t\t\t\t\t\t\t<p>Nasz\u0105 misj\u0105 jest \u0142\u0105czenie staro\u017cytnej i nowoczesnej wiedzy z najnowszymi zaawansowanymi technologiami w celu produkcji najzdrowszych autentycznych ekstrakt\u00f3w ro\u015blinnych i powi\u0105zanych produkt\u00f3w dost\u0119pnych na rynku.<\/p><p>Dzi\u0119ki recepturze liposomalnej sk\u0142adniki aktywne s\u0105 skuteczniej wch\u0142aniane i dzia\u0142aj\u0105 w ukierunkowany spos\u00f3b. Nasz potr\u00f3jny proces ekstrakcji ro\u015blin \u2013 ka\u017cdy oddzielnie (etanol, woda, olej MCT) \u2013 w po\u0142\u0105czeniu z najnowocze\u015bniejszymi technologiami ma na celu gromadzenie i konserwacj\u0119 wszystkich u\u017cytecznych zwi\u0105zk\u00f3w ro\u015blinnych, nadaj\u0105c naszym ekstraktom FEXO nowy poziom skuteczno\u015bci terapeutycznej i zapobiegawczej oraz oferuj\u0105c optymalne rozwi\u0105zania r\u00f3\u017cnych problem\u00f3w.<\/p><p>U\u017cywamy tylko dzikich ro\u015blin i ro\u015blin uprawianych w gospodarstwach ekologicznych.<\/p><p>Nasz\u0105 wizj\u0105 jest zaoferowanie Ci tego, co najlepsze z natury w jednym miejscu, w tym wszystkich najwa\u017cniejszych ro\u015blin leczniczych na \u015bwiecie.<\/p><p>W naszych produktach nigdy nie stosujemy zwi\u0105zk\u00f3w syntetycznych ani izolat\u00f3w, a jedynie ca\u0142kowicie czyste i naturalne kombinacje sk\u0142adnik\u00f3w.<\/p><p>Do ka\u017cdego z naszych produkt\u00f3w do\u0142\u0105czona jest broszura z kompletn\u0105 i przejrzyst\u0105 informacj\u0105.<\/p>\t\t\t\t\t\t\t\t<\/div>\n\t\t\t\t<\/div>\n\t\t\t\t<\/div>\n\t\t\t\t\t<\/div>\n\t\t\t\t<\/div>\n\t\t\t\t<\/div>","protected":false},"excerpt":{"rendered":"<p>Nasz\u0105 misj\u0105 jest \u0142\u0105czenie staro\u017cytnej i nowoczesnej wiedzy z najnowszymi zaawansowanymi technologiami w celu produkcji najzdrowszych autentycznych ekstrakt\u00f3w ro\u015blinnych i powi\u0105zanych produkt\u00f3w dost\u0119pnych na rynku. Dzi\u0119ki recepturze liposomalnej sk\u0142adniki aktywne s\u0105 skuteczniej wch\u0142aniane i dzia\u0142aj\u0105 w ukierunkowany spos\u00f3b. Nasz potr\u00f3jny proces ekstrakcji ro\u015blin \u2013 ka\u017cdy oddzielnie (etanol, woda, olej MCT) \u2013 w [\u2026]<\/p>","protected":false},"author":4,"featured_media":0,"parent":0,"menu_order":0,"comment_status":"closed","ping_status":"closed","template":"elementor_header_footer","meta":{"footnotes":""},"class_list":["post-125","page","type-page","status-publish","hentry"],"yoast_head":"<!-- This site is optimized with the Yoast SEO plugin v27.3 - https:\/\/yoast.com\/product\/yoast-seo-wordpress\/ -->\n<title>O nama - Wild Plant Health<\/title>\n<meta name=\"robots\" content=\"index, follow, max-snippet:-1, max-image-preview:large, max-video-preview:-1\" \/>\n<link rel=\"canonical\" href=\"https:\/\/wildplanthealth.com\/pl\/o-nama\/\" \/>\n<meta property=\"og:locale\" content=\"pl_PL\" \/>\n<meta property=\"og:type\" content=\"article\" \/>\n<meta property=\"og:title\" content=\"O nama - Wild Plant Health\" \/>\n<meta property=\"og:description\" content=\"Wild Plant health O nama Na\u0161a je misija kombinirati drevna i moderna znanja s najnovijim naprednim tehnologijama kako bismo proizveli najzdravije autenti\u010dne biljne ekstrakte i srodne proizvode dostupne na tr\u017ei\u0161tu. Zahvaljuju\u0107i liposomskoj formulaciji, aktivni sastojci se u\u010dinkovitije apsorbiraju i djeluju ciljano. Na\u0161 trostruki proces ekstrakcije biljaka &#8211; svaki zasebno (etanol, voda, MCT ulje) &#8211; u [&hellip;]\" \/>\n<meta property=\"og:url\" content=\"https:\/\/wildplanthealth.com\/pl\/o-nama\/\" \/>\n<meta property=\"og:site_name\" content=\"Wild Plant Health\" \/>\n<meta property=\"article:modified_time\" content=\"2026-03-16T09:41:14+00:00\" \/>\n<meta property=\"og:image\" content=\"https:\/\/wildplanthealth.com\/wp-content\/uploads\/2026\/03\/WhatsApp-Image-2026-03-14-at-10.53.00-683x1024.jpeg\" \/>\n<meta name=\"twitter:card\" content=\"summary_large_image\" \/>\n<meta name=\"twitter:label1\" content=\"Szacowany czas czytania\" \/>\n\t<meta name=\"twitter:data1\" content=\"2 minutes\" \/>\n<script type=\"application\/ld+json\" class=\"yoast-schema-graph\">{\"@context\":\"https:\\\/\\\/schema.org\",\"@graph\":[{\"@type\":\"WebPage\",\"@id\":\"https:\\\/\\\/wildplanthealth.com\\\/o-nama\\\/\",\"url\":\"https:\\\/\\\/wildplanthealth.com\\\/o-nama\\\/\",\"name\":\"O nama - Wild Plant Health\",\"isPartOf\":{\"@id\":\"https:\\\/\\\/wildplanthealth.com\\\/#website\"},\"primaryImageOfPage\":{\"@id\":\"https:\\\/\\\/wildplanthealth.com\\\/o-nama\\\/#primaryimage\"},\"image\":{\"@id\":\"https:\\\/\\\/wildplanthealth.com\\\/o-nama\\\/#primaryimage\"},\"thumbnailUrl\":\"https:\\\/\\\/wildplanthealth.com\\\/wp-content\\\/uploads\\\/2026\\\/03\\\/WhatsApp-Image-2026-03-14-at-10.53.00-683x1024.jpeg\",\"datePublished\":\"2024-03-19T14:28:13+00:00\",\"dateModified\":\"2026-03-16T09:41:14+00:00\",\"breadcrumb\":{\"@id\":\"https:\\\/\\\/wildplanthealth.com\\\/o-nama\\\/#breadcrumb\"},\"inLanguage\":\"pl-PL\",\"potentialAction\":[{\"@type\":\"ReadAction\",\"target\":[\"https:\\\/\\\/wildplanthealth.com\\\/o-nama\\\/\"]}]},{\"@type\":\"ImageObject\",\"inLanguage\":\"pl-PL\",\"@id\":\"https:\\\/\\\/wildplanthealth.com\\\/o-nama\\\/#primaryimage\",\"url\":\"https:\\\/\\\/wildplanthealth.com\\\/wp-content\\\/uploads\\\/2026\\\/03\\\/WhatsApp-Image-2026-03-14-at-10.53.00-683x1024.jpeg\",\"contentUrl\":\"https:\\\/\\\/wildplanthealth.com\\\/wp-content\\\/uploads\\\/2026\\\/03\\\/WhatsApp-Image-2026-03-14-at-10.53.00-683x1024.jpeg\"},{\"@type\":\"BreadcrumbList\",\"@id\":\"https:\\\/\\\/wildplanthealth.com\\\/o-nama\\\/#breadcrumb\",\"itemListElement\":[{\"@type\":\"ListItem\",\"position\":1,\"name\":\"Po\u010detna stranica\",\"item\":\"https:\\\/\\\/wildplanthealth.com\\\/\"},{\"@type\":\"ListItem\",\"position\":2,\"name\":\"O nama\"}]},{\"@type\":\"WebSite\",\"@id\":\"https:\\\/\\\/wildplanthealth.com\\\/#website\",\"url\":\"https:\\\/\\\/wildplanthealth.com\\\/\",\"name\":\"Wild Plant Health\",\"description\":\"\",\"publisher\":{\"@id\":\"https:\\\/\\\/wildplanthealth.com\\\/#organization\"},\"potentialAction\":[{\"@type\":\"SearchAction\",\"target\":{\"@type\":\"EntryPoint\",\"urlTemplate\":\"https:\\\/\\\/wildplanthealth.com\\\/?s={search_term_string}\"},\"query-input\":{\"@type\":\"PropertyValueSpecification\",\"valueRequired\":true,\"valueName\":\"search_term_string\"}}],\"inLanguage\":\"pl-PL\"},{\"@type\":\"Organization\",\"@id\":\"https:\\\/\\\/wildplanthealth.com\\\/#organization\",\"name\":\"Wild Plant Health\",\"url\":\"https:\\\/\\\/wildplanthealth.com\\\/\",\"logo\":{\"@type\":\"ImageObject\",\"inLanguage\":\"pl-PL\",\"@id\":\"https:\\\/\\\/wildplanthealth.com\\\/#\\\/schema\\\/logo\\\/image\\\/\",\"url\":\"https:\\\/\\\/wildplanthealth.com\\\/wp-content\\\/uploads\\\/2026\\\/03\\\/logo-1.png\",\"contentUrl\":\"https:\\\/\\\/wildplanthealth.com\\\/wp-content\\\/uploads\\\/2026\\\/03\\\/logo-1.png\",\"width\":1515,\"height\":2001,\"caption\":\"Wild Plant Health\"},\"image\":{\"@id\":\"https:\\\/\\\/wildplanthealth.com\\\/#\\\/schema\\\/logo\\\/image\\\/\"}}]}<\/script>\n<!-- \/ Yoast SEO plugin. -->","yoast_head_json":{"title":"O nama - Wild Plant Health","robots":{"index":"index","follow":"follow","max-snippet":"max-snippet:-1","max-image-preview":"max-image-preview:large","max-video-preview":"max-video-preview:-1"},"canonical":"https:\/\/wildplanthealth.com\/pl\/o-nama\/","og_locale":"pl_PL","og_type":"article","og_title":"O nama - Wild Plant Health","og_description":"Wild Plant health O nama Na\u0161a je misija kombinirati drevna i moderna znanja s najnovijim naprednim tehnologijama kako bismo proizveli najzdravije autenti\u010dne biljne ekstrakte i srodne proizvode dostupne na tr\u017ei\u0161tu. Zahvaljuju\u0107i liposomskoj formulaciji, aktivni sastojci se u\u010dinkovitije apsorbiraju i djeluju ciljano. Na\u0161 trostruki proces ekstrakcije biljaka &#8211; svaki zasebno (etanol, voda, MCT ulje) &#8211; u [&hellip;]","og_url":"https:\/\/wildplanthealth.com\/pl\/o-nama\/","og_site_name":"Wild Plant Health","article_modified_time":"2026-03-16T09:41:14+00:00","og_image":[{"url":"https:\/\/wildplanthealth.com\/wp-content\/uploads\/2026\/03\/WhatsApp-Image-2026-03-14-at-10.53.00-683x1024.jpeg","type":"","width":"","height":""}],"twitter_card":"summary_large_image","twitter_misc":{"Szacowany czas czytania":"2 minutes"},"schema":{"@context":"https:\/\/schema.org","@graph":[{"@type":"WebPage","@id":"https:\/\/wildplanthealth.com\/o-nama\/","url":"https:\/\/wildplanthealth.com\/o-nama\/","name":"O nama - Wild Plant Health","isPartOf":{"@id":"https:\/\/wildplanthealth.com\/#website"},"primaryImageOfPage":{"@id":"https:\/\/wildplanthealth.com\/o-nama\/#primaryimage"},"image":{"@id":"https:\/\/wildplanthealth.com\/o-nama\/#primaryimage"},"thumbnailUrl":"https:\/\/wildplanthealth.com\/wp-content\/uploads\/2026\/03\/WhatsApp-Image-2026-03-14-at-10.53.00-683x1024.jpeg","datePublished":"2024-03-19T14:28:13+00:00","dateModified":"2026-03-16T09:41:14+00:00","breadcrumb":{"@id":"https:\/\/wildplanthealth.com\/o-nama\/#breadcrumb"},"inLanguage":"pl-PL","potentialAction":[{"@type":"ReadAction","target":["https:\/\/wildplanthealth.com\/o-nama\/"]}]},{"@type":"ImageObject","inLanguage":"pl-PL","@id":"https:\/\/wildplanthealth.com\/o-nama\/#primaryimage","url":"https:\/\/wildplanthealth.com\/wp-content\/uploads\/2026\/03\/WhatsApp-Image-2026-03-14-at-10.53.00-683x1024.jpeg","contentUrl":"https:\/\/wildplanthealth.com\/wp-content\/uploads\/2026\/03\/WhatsApp-Image-2026-03-14-at-10.53.00-683x1024.jpeg"},{"@type":"BreadcrumbList","@id":"https:\/\/wildplanthealth.com\/o-nama\/#breadcrumb","itemListElement":[{"@type":"ListItem","position":1,"name":"Po\u010detna stranica","item":"https:\/\/wildplanthealth.com\/"},{"@type":"ListItem","position":2,"name":"O nama"}]},{"@type":"WebSite","@id":"https:\/\/wildplanthealth.com\/#website","url":"https:\/\/wildplanthealth.com\/","name":"Wild Plant Health","description":"","publisher":{"@id":"https:\/\/wildplanthealth.com\/#organization"},"potentialAction":[{"@type":"SearchAction","target":{"@type":"EntryPoint","urlTemplate":"https:\/\/wildplanthealth.com\/?s={search_term_string}"},"query-input":{"@type":"PropertyValueSpecification","valueRequired":true,"valueName":"search_term_string"}}],"inLanguage":"pl-PL"},{"@type":"Organization","@id":"https:\/\/wildplanthealth.com\/#organization","name":"Wild Plant Health","url":"https:\/\/wildplanthealth.com\/","logo":{"@type":"ImageObject","inLanguage":"pl-PL","@id":"https:\/\/wildplanthealth.com\/#\/schema\/logo\/image\/","url":"https:\/\/wildplanthealth.com\/wp-content\/uploads\/2026\/03\/logo-1.png","contentUrl":"https:\/\/wildplanthealth.com\/wp-content\/uploads\/2026\/03\/logo-1.png","width":1515,"height":2001,"caption":"Wild Plant Health"},"image":{"@id":"https:\/\/wildplanthealth.com\/#\/schema\/logo\/image\/"}}]}},"_links":{"self":[{"href":"https:\/\/wildplanthealth.com\/pl\/wp-json\/wp\/v2\/pages\/125","targetHints":{"allow":["GET"]}}],"collection":[{"href":"https:\/\/wildplanthealth.com\/pl\/wp-json\/wp\/v2\/pages"}],"about":[{"href":"https:\/\/wildplanthealth.com\/pl\/wp-json\/wp\/v2\/types\/page"}],"author":[{"embeddable":true,"href":"https:\/\/wildplanthealth.com\/pl\/wp-json\/wp\/v2\/users\/4"}],"replies":[{"embeddable":true,"href":"https:\/\/wildplanthealth.com\/pl\/wp-json\/wp\/v2\/comments?post=125"}],"version-history":[{"count":25,"href":"https:\/\/wildplanthealth.com\/pl\/wp-json\/wp\/v2\/pages\/125\/revisions"}],"predecessor-version":[{"id":1014,"href":"https:\/\/wildplanthealth.com\/pl\/wp-json\/wp\/v2\/pages\/125\/revisions\/1014"}],"wp:attachment":[{"href":"https:\/\/wildplanthealth.com\/pl\/wp-json\/wp\/v2\/media?parent=125"}],"curies":[{"name":"wp","href":"https:\/\/api.w.org\/{rel}","templated":true}]}}