{"id":1259,"date":"2026-04-15T14:26:05","date_gmt":"2026-04-15T14:26:05","guid":{"rendered":"https:\/\/wildplanthealth.com\/?page_id=1259"},"modified":"2026-04-27T16:01:51","modified_gmt":"2026-04-27T16:01:51","slug":"upute-za-koristenje","status":"publish","type":"page","link":"https:\/\/wildplanthealth.com\/pl\/upute-za-koristenje\/","title":{"rendered":"Instrukcja u\u017cytkowania"},"content":{"rendered":"<div data-elementor-type=\"wp-page\" data-elementor-id=\"1259\" class=\"elementor elementor-1259\" data-elementor-post-type=\"page\">\n\t\t\t\t<div class=\"elementor-element elementor-element-a116c1e e-flex e-con-boxed e-con e-parent\" data-id=\"a116c1e\" data-element_type=\"container\" data-e-type=\"container\">\n\t\t\t\t\t<div class=\"e-con-inner\">\n\t\t\t\t<div class=\"elementor-element elementor-element-1673a10 elementor-widget elementor-widget-text-editor\" data-id=\"1673a10\" data-element_type=\"widget\" data-e-type=\"widget\" data-widget_type=\"text-editor.default\">\n\t\t\t\t<div class=\"elementor-widget-container\">\n\t\t\t\t\t\t\t\t\t<p>Poni\u017cej przedstawiamy szczeg\u00f3\u0142owe i proste instrukcje dotycz\u0105ce prawid\u0142owego u\u017cytkowania produktu.<\/p><p><br \/>\ud83d\udd39 1 CO ZNAJDUJESZ W OPAKOWANIACH<br \/>\u2013 2 fiolki z ekstraktem (\u0142\u0105cznie 40 ml)<br \/>\u2013 przez ca\u0142y cykl wymagane jest oko\u0142o 70 pustych kapsu\u0142ek HPMC o pojemno\u015bci 0 (0,68 ml)\u201360.<br \/>\u2013 przejrzyst\u0105 broszur\u0119 zawieraj\u0105c\u0105 dane;<\/p><p><br \/>\ud83d\udd39 2. PROTOK\u00d3\u0141 ZALECANY<br \/>\ud83d\udc49 15 dni brania \u2192 7 dni przerwy \u2192 15 dni brania<\/p><p><br \/>\ud83d\udd39 3. CAPSULA PREPARATION (Bardzo WA\u017bNE)<br \/>We\u017a kapsu\u0142k\u0119 i otw\u00f3rz j\u0105 (rozdziela si\u0119 na dwie cz\u0119\u015bci)<br \/>We\u017a wi\u0119kszo\u015b\u0107 kapsu\u0142ki<br \/>Wla\u0107 ekstrakt do niego na sam szczyt<br \/>Zamkn\u0105\u0107 kapsu\u0142k\u0119 inn\u0105 cz\u0119\u015bci\u0105<br \/><br \/>\u2757 Capsules nie wype\u0142niaj\u0105 z g\u00f3ry. Wype\u0142ni\u0107 bezpo\u015brednio przed za\u017cyciem, poniewa\u017c mog\u0105 zmi\u0119kczy\u0107 w kontakcie z ekstraktem.<\/p><p>\u2757 Nie liczy\u0107 kropli \u2013 kapsu\u0142ka jest wype\u0142niona do g\u00f3ry<\/p><p><br \/>\ud83d\udd39 4. METODA ODNIESIENIA<br \/>\ud83d\udc49 Take 2 razy dziennie:<br \/>poranek<br \/>Wiecz\u00f3r<\/p><p>\ud83d\udc49 Za ka\u017cdym razem:<br \/>\u2013 1 kapsu\u0142ka pe\u0142na<\/p><p><br \/>\ud83d\udd39 5 (ang.). Jak \u0142atwo po\u0142kn\u0105\u0107 CAPSULA<br \/>(zw\u0142aszcza dla os\u00f3b starszych i dzieci)<\/p><p>We\u017a \u0142yk wody do ust (nie po\u0142ykaj natychmiast)<br \/>W\u0142\u00f3\u017c kapsu\u0142k\u0119 do ust<br \/>Po\u0142kni\u0119te razem z wod\u0105<br \/>Nast\u0119pnie wypij kolejne 1-2 \u0142yki wody<\/p><p><br \/>\ud83d\udd39 6. CZAS TRWANIA I KLIKANIE<br \/>\ud83d\udc49 Przez 15 dni (rano + wieczorem) sp\u0119dzisz:<br \/>\u2714 dok\u0142adnie 1 fiolka (20 ml)<\/p><p>\ud83d\udc49 Pe\u0142ny cykl (15\/7\/15):<br \/>\u2714 u\u017cywa obu fiolek<\/p><p><br \/>\ud83d\udd39 7 PRZED SOB\u0104 lub PO SOBIE<br \/>\ud83d\udc49 Mo\u017cna przyjmowa\u0107:<br \/>\u2714 przed posi\u0142kami<br \/>\u2714 po jedzeniu<\/p><p>\u27a1ending nie ma znaczenia, kiedy bierzesz<\/p><p>Dzi\u0119ki recepturze liposomalnej sk\u0142adniki aktywne s\u0105 chronione i bardzo skutecznie wch\u0142aniane przez organizm.<\/p><p>\ud83d\udc49 W por\u00f3wnaniu do klasycznych form, takie podej\u015bcie pozwala na wielokrotne lepsze wch\u0142anianie i wykorzystanie sk\u0142adnik\u00f3w aktywnych.<\/p><p>Liposomy to mikroskopijnie ma\u0142e p\u0119cherzyki ochronne, w kt\u00f3rych sk\u0142adniki aktywne s\u0105 \u201erozrzucone\u201d.<\/p><p>Mo\u017cna je sobie wyobrazi\u0107 jako ma\u0142e kapsu\u0142ki transportowe, kt\u00f3re maj\u0105 os\u0142on\u0119 ochronn\u0105 podobn\u0105 do naszych kom\u00f3rek.<\/p><p>Te p\u0119cherzyki powstaj\u0105 z lecytyny s\u0142onecznikowej, naturalnej substancji, kt\u00f3ra jest bardzo podobna do b\u0142on naszych kom\u00f3rek, co dodatkowo u\u0142atwia ich wch\u0142anianie w organizmie.<\/p><p>Takie p\u0119cherzyki nie wyst\u0119puj\u0105 przypadkowo \u2013 powstaj\u0105 w wyniku kontrolowanych proces\u00f3w fizycznych, w kt\u00f3rych sk\u0142adniki aktywne s\u0105 naturalnie \u201ewychwytywane\u201d w ramach tej struktury ochronnej.<\/p><p>\ud83d\udc49 Jest to struktura, kt\u00f3ra pozwala sk\u0142adnikom aktywnym:<br \/>\u2013 przej\u015b\u0107 przez chroniony uk\u0142ad trawienny<br \/>\u2013 pozostaj\u0105 nieuszkodzone<br \/>\u2013 i dosta\u0107 si\u0119 tam, gdzie trzeba - do krwiobiegu i uk\u0142adu limfatycznego<\/p><p><br \/>\ud83d\udd39 8 (ang.). WA\u017bNE UWAGI<br \/>\u2714 u\u017cywany regularnie ka\u017cdego dnia<br \/>\u2714, aby nie pomija\u0107 dawek<br \/>\u2714 kapsu\u0142ki nale\u017cy przygotowa\u0107 bezpo\u015brednio przed za\u017cyciem<br \/>Przechowywa\u0107 fiolki \u2714 w kartonie (nasze zalecenie \u2013 ze wzgl\u0119du na suche i ciemne \u015brodowisko)<\/p><p><br \/>\ud83d\udd39 9 DODATKOWE<br \/>\ud83d\udc49 Nie trzeba \u0142\u0105czy\u0107 z innymi produktami<br \/>\ud83d\udc49 wystarczy, aby post\u0119powa\u0107 zgodnie z tym protoko\u0142em<\/p><p>Je\u015bli masz jakie\u015b pytania lub w\u0105tpliwo\u015bci, skontaktuj si\u0119 z nami - jeste\u015bmy tu dla Ciebie \ud83d\ude0a<\/p><p>Zdrowie dzikich ro\u015blin<br \/>www.wildplanthealth.com<\/p>\t\t\t\t\t\t\t\t<\/div>\n\t\t\t\t<\/div>\n\t\t\t\t\t<\/div>\n\t\t\t\t<\/div>\n\t\t\t\t<\/div>","protected":false},"excerpt":{"rendered":"<p>Poni\u017cej przedstawiamy szczeg\u00f3\u0142owe i proste instrukcje dotycz\u0105ce prawid\u0142owego u\u017cytkowania produktu. \ud83d\udd39 1 CO OTRZYMA\u0106 W OPAKOWANIU\u2013 2 fiolki z ekstraktem (\u0142\u0105cznie 40 ml)\u2013 ok. 70 pustych kapsu\u0142ek HPMC po 0 (0,68 ml)\u201360 s\u0105 wymagane przez ca\u0142y cykl.\u2013 \ud83d\udd39 2 przezroczysta broszura z danymi. PROTOK\u00d3\u0141 ZALECANY\ud83d\udc49 15 dni spo\u017cycia \u2192 7 dni przerwy \u2192 15 [\u2026]<\/p>","protected":false},"author":5,"featured_media":0,"parent":0,"menu_order":0,"comment_status":"closed","ping_status":"closed","template":"","meta":{"footnotes":""},"class_list":["post-1259","page","type-page","status-publish","hentry"],"yoast_head":"<!-- This site is optimized with the Yoast SEO plugin v27.3 - https:\/\/yoast.com\/product\/yoast-seo-wordpress\/ -->\n<title>Upute za kori\u0161tenje - Wild Plant Health<\/title>\n<meta name=\"robots\" content=\"index, follow, max-snippet:-1, max-image-preview:large, max-video-preview:-1\" \/>\n<link rel=\"canonical\" href=\"https:\/\/wildplanthealth.com\/pl\/upute-za-koristenje\/\" \/>\n<meta property=\"og:locale\" content=\"pl_PL\" \/>\n<meta property=\"og:type\" content=\"article\" \/>\n<meta property=\"og:title\" content=\"Upute za kori\u0161tenje - Wild Plant Health\" \/>\n<meta property=\"og:description\" content=\"U nastavku Vam donosimo detaljne i jednostavne upute za pravilno kori\u0161tenje proizvoda. \ud83d\udd39 1. \u0160TO DOBIVATE U PAKIRANJU\u2013 2 bo\u010dice ekstrakta (ukupno 40 ml)\u2013 cca 70 praznih HPMC kapsula veli\u010dine 0 (0,68 ml)-60 je potrebno za cijeli ciklus.\u2013 bro\u0161uru s transparentnim podacima \ud83d\udd39 2. PREPORU\u010cENI PROTOKOL\ud83d\udc49 15 dana uzimanja \u2192 7 dana pauze \u2192 15 [&hellip;]\" \/>\n<meta property=\"og:url\" content=\"https:\/\/wildplanthealth.com\/pl\/upute-za-koristenje\/\" \/>\n<meta property=\"og:site_name\" content=\"Wild Plant Health\" \/>\n<meta property=\"article:modified_time\" content=\"2026-04-27T16:01:51+00:00\" \/>\n<meta name=\"twitter:card\" content=\"summary_large_image\" \/>\n<meta name=\"twitter:label1\" content=\"Szacowany czas czytania\" \/>\n\t<meta name=\"twitter:data1\" content=\"9 minutes\" \/>\n<script type=\"application\/ld+json\" class=\"yoast-schema-graph\">{\"@context\":\"https:\\\/\\\/schema.org\",\"@graph\":[{\"@type\":\"WebPage\",\"@id\":\"https:\\\/\\\/wildplanthealth.com\\\/upute-za-koristenje\\\/\",\"url\":\"https:\\\/\\\/wildplanthealth.com\\\/upute-za-koristenje\\\/\",\"name\":\"Upute za kori\u0161tenje - Wild Plant Health\",\"isPartOf\":{\"@id\":\"https:\\\/\\\/wildplanthealth.com\\\/#website\"},\"datePublished\":\"2026-04-15T14:26:05+00:00\",\"dateModified\":\"2026-04-27T16:01:51+00:00\",\"breadcrumb\":{\"@id\":\"https:\\\/\\\/wildplanthealth.com\\\/upute-za-koristenje\\\/#breadcrumb\"},\"inLanguage\":\"pl-PL\",\"potentialAction\":[{\"@type\":\"ReadAction\",\"target\":[\"https:\\\/\\\/wildplanthealth.com\\\/upute-za-koristenje\\\/\"]}]},{\"@type\":\"BreadcrumbList\",\"@id\":\"https:\\\/\\\/wildplanthealth.com\\\/upute-za-koristenje\\\/#breadcrumb\",\"itemListElement\":[{\"@type\":\"ListItem\",\"position\":1,\"name\":\"Po\u010detna stranica\",\"item\":\"https:\\\/\\\/wildplanthealth.com\\\/\"},{\"@type\":\"ListItem\",\"position\":2,\"name\":\"Upute za kori\u0161tenje\"}]},{\"@type\":\"WebSite\",\"@id\":\"https:\\\/\\\/wildplanthealth.com\\\/#website\",\"url\":\"https:\\\/\\\/wildplanthealth.com\\\/\",\"name\":\"Wild Plant Health\",\"description\":\"\",\"publisher\":{\"@id\":\"https:\\\/\\\/wildplanthealth.com\\\/#organization\"},\"potentialAction\":[{\"@type\":\"SearchAction\",\"target\":{\"@type\":\"EntryPoint\",\"urlTemplate\":\"https:\\\/\\\/wildplanthealth.com\\\/?s={search_term_string}\"},\"query-input\":{\"@type\":\"PropertyValueSpecification\",\"valueRequired\":true,\"valueName\":\"search_term_string\"}}],\"inLanguage\":\"pl-PL\"},{\"@type\":\"Organization\",\"@id\":\"https:\\\/\\\/wildplanthealth.com\\\/#organization\",\"name\":\"Wild Plant Health\",\"url\":\"https:\\\/\\\/wildplanthealth.com\\\/\",\"logo\":{\"@type\":\"ImageObject\",\"inLanguage\":\"pl-PL\",\"@id\":\"https:\\\/\\\/wildplanthealth.com\\\/#\\\/schema\\\/logo\\\/image\\\/\",\"url\":\"https:\\\/\\\/wildplanthealth.com\\\/wp-content\\\/uploads\\\/2026\\\/03\\\/logo-1.png\",\"contentUrl\":\"https:\\\/\\\/wildplanthealth.com\\\/wp-content\\\/uploads\\\/2026\\\/03\\\/logo-1.png\",\"width\":1515,\"height\":2001,\"caption\":\"Wild Plant Health\"},\"image\":{\"@id\":\"https:\\\/\\\/wildplanthealth.com\\\/#\\\/schema\\\/logo\\\/image\\\/\"}}]}<\/script>\n<!-- \/ Yoast SEO plugin. -->","yoast_head_json":{"title":"Upute za kori\u0161tenje - Wild Plant Health","robots":{"index":"index","follow":"follow","max-snippet":"max-snippet:-1","max-image-preview":"max-image-preview:large","max-video-preview":"max-video-preview:-1"},"canonical":"https:\/\/wildplanthealth.com\/pl\/upute-za-koristenje\/","og_locale":"pl_PL","og_type":"article","og_title":"Upute za kori\u0161tenje - Wild Plant Health","og_description":"U nastavku Vam donosimo detaljne i jednostavne upute za pravilno kori\u0161tenje proizvoda. \ud83d\udd39 1. \u0160TO DOBIVATE U PAKIRANJU\u2013 2 bo\u010dice ekstrakta (ukupno 40 ml)\u2013 cca 70 praznih HPMC kapsula veli\u010dine 0 (0,68 ml)-60 je potrebno za cijeli ciklus.\u2013 bro\u0161uru s transparentnim podacima \ud83d\udd39 2. PREPORU\u010cENI PROTOKOL\ud83d\udc49 15 dana uzimanja \u2192 7 dana pauze \u2192 15 [&hellip;]","og_url":"https:\/\/wildplanthealth.com\/pl\/upute-za-koristenje\/","og_site_name":"Wild Plant Health","article_modified_time":"2026-04-27T16:01:51+00:00","twitter_card":"summary_large_image","twitter_misc":{"Szacowany czas czytania":"9 minutes"},"schema":{"@context":"https:\/\/schema.org","@graph":[{"@type":"WebPage","@id":"https:\/\/wildplanthealth.com\/upute-za-koristenje\/","url":"https:\/\/wildplanthealth.com\/upute-za-koristenje\/","name":"Upute za kori\u0161tenje - Wild Plant Health","isPartOf":{"@id":"https:\/\/wildplanthealth.com\/#website"},"datePublished":"2026-04-15T14:26:05+00:00","dateModified":"2026-04-27T16:01:51+00:00","breadcrumb":{"@id":"https:\/\/wildplanthealth.com\/upute-za-koristenje\/#breadcrumb"},"inLanguage":"pl-PL","potentialAction":[{"@type":"ReadAction","target":["https:\/\/wildplanthealth.com\/upute-za-koristenje\/"]}]},{"@type":"BreadcrumbList","@id":"https:\/\/wildplanthealth.com\/upute-za-koristenje\/#breadcrumb","itemListElement":[{"@type":"ListItem","position":1,"name":"Po\u010detna stranica","item":"https:\/\/wildplanthealth.com\/"},{"@type":"ListItem","position":2,"name":"Upute za kori\u0161tenje"}]},{"@type":"WebSite","@id":"https:\/\/wildplanthealth.com\/#website","url":"https:\/\/wildplanthealth.com\/","name":"Wild Plant Health","description":"","publisher":{"@id":"https:\/\/wildplanthealth.com\/#organization"},"potentialAction":[{"@type":"SearchAction","target":{"@type":"EntryPoint","urlTemplate":"https:\/\/wildplanthealth.com\/?s={search_term_string}"},"query-input":{"@type":"PropertyValueSpecification","valueRequired":true,"valueName":"search_term_string"}}],"inLanguage":"pl-PL"},{"@type":"Organization","@id":"https:\/\/wildplanthealth.com\/#organization","name":"Wild Plant Health","url":"https:\/\/wildplanthealth.com\/","logo":{"@type":"ImageObject","inLanguage":"pl-PL","@id":"https:\/\/wildplanthealth.com\/#\/schema\/logo\/image\/","url":"https:\/\/wildplanthealth.com\/wp-content\/uploads\/2026\/03\/logo-1.png","contentUrl":"https:\/\/wildplanthealth.com\/wp-content\/uploads\/2026\/03\/logo-1.png","width":1515,"height":2001,"caption":"Wild Plant Health"},"image":{"@id":"https:\/\/wildplanthealth.com\/#\/schema\/logo\/image\/"}}]}},"_links":{"self":[{"href":"https:\/\/wildplanthealth.com\/pl\/wp-json\/wp\/v2\/pages\/1259","targetHints":{"allow":["GET"]}}],"collection":[{"href":"https:\/\/wildplanthealth.com\/pl\/wp-json\/wp\/v2\/pages"}],"about":[{"href":"https:\/\/wildplanthealth.com\/pl\/wp-json\/wp\/v2\/types\/page"}],"author":[{"embeddable":true,"href":"https:\/\/wildplanthealth.com\/pl\/wp-json\/wp\/v2\/users\/5"}],"replies":[{"embeddable":true,"href":"https:\/\/wildplanthealth.com\/pl\/wp-json\/wp\/v2\/comments?post=1259"}],"version-history":[{"count":7,"href":"https:\/\/wildplanthealth.com\/pl\/wp-json\/wp\/v2\/pages\/1259\/revisions"}],"predecessor-version":[{"id":1324,"href":"https:\/\/wildplanthealth.com\/pl\/wp-json\/wp\/v2\/pages\/1259\/revisions\/1324"}],"wp:attachment":[{"href":"https:\/\/wildplanthealth.com\/pl\/wp-json\/wp\/v2\/media?parent=1259"}],"curies":[{"name":"wp","href":"https:\/\/api.w.org\/{rel}","templated":true}]}}