{"id":825,"date":"2026-03-12T10:21:55","date_gmt":"2026-03-12T10:21:55","guid":{"rendered":"https:\/\/wildplanthealth.com\/?page_id=825"},"modified":"2026-03-13T10:34:31","modified_gmt":"2026-03-13T10:34:31","slug":"jednostrani-raskid-ugovora","status":"publish","type":"page","link":"https:\/\/wildplanthealth.com\/pl\/jednostrani-raskid-ugovora\/","title":{"rendered":"Jednostronne rozwi\u0105zanie umowy"},"content":{"rendered":"<div data-elementor-type=\"wp-page\" data-elementor-id=\"825\" class=\"elementor elementor-825\" data-elementor-post-type=\"page\">\n\t\t\t\t<div class=\"elementor-element elementor-element-54c32f9e e-flex e-con-boxed e-con e-parent\" data-id=\"54c32f9e\" data-element_type=\"container\" data-e-type=\"container\" data-settings=\"{&quot;background_background&quot;:&quot;classic&quot;}\">\n\t\t\t\t\t<div class=\"e-con-inner\">\n\t\t<div class=\"elementor-element elementor-element-54dd7a37 e-con-full e-flex e-con e-child\" data-id=\"54dd7a37\" data-element_type=\"container\" data-e-type=\"container\" data-settings=\"{&quot;background_background&quot;:&quot;classic&quot;}\">\n\t\t\t\t<div class=\"elementor-element elementor-element-5d9ea2d2 elementor-widget elementor-widget-heading\" data-id=\"5d9ea2d2\" data-element_type=\"widget\" data-e-type=\"widget\" data-widget_type=\"heading.default\">\n\t\t\t\t<div class=\"elementor-widget-container\">\n\t\t\t\t\t<h1 class=\"elementor-heading-title elementor-size-default\">Jednostronne rozwi\u0105zanie umowy<\/h1>\t\t\t\t<\/div>\n\t\t\t\t<\/div>\n\t\t\t\t<\/div>\n\t\t\t\t\t<\/div>\n\t\t\t\t<\/div>\n\t\t\t\t<section class=\"elementor-section elementor-top-section elementor-element elementor-element-4bd82381 elementor-section-boxed elementor-section-height-default elementor-section-height-default\" data-id=\"4bd82381\" data-element_type=\"section\" data-e-type=\"section\">\n\t\t\t\t\t\t<div class=\"elementor-container elementor-column-gap-default\">\n\t\t\t\t\t<div class=\"elementor-column elementor-col-100 elementor-top-column elementor-element elementor-element-655efb52\" data-id=\"655efb52\" data-element_type=\"column\" data-e-type=\"column\">\n\t\t\t<div class=\"elementor-widget-wrap elementor-element-populated\">\n\t\t\t\t\t\t<div class=\"elementor-element elementor-element-4aab25ce elementor-button-align-end elementor-widget elementor-widget-form\" data-id=\"4aab25ce\" data-element_type=\"widget\" data-e-type=\"widget\" data-settings=\"{&quot;step_next_label&quot;:&quot;Next&quot;,&quot;step_previous_label&quot;:&quot;Previous&quot;,&quot;button_width&quot;:&quot;100&quot;,&quot;step_type&quot;:&quot;number_text&quot;,&quot;step_icon_shape&quot;:&quot;circle&quot;}\" data-widget_type=\"form.default\">\n\t\t\t\t<div class=\"elementor-widget-container\">\n\t\t\t\t\t\t\t<form class=\"elementor-form\" method=\"post\" name=\"Jednostrani raskid ugovora\" aria-label=\"Jednostronne rozwi\u0105zanie umowy\" novalidate=\"\" action=\"\">\n\t\t\t<input type=\"hidden\" name=\"post_id\" value=\"825\"\/>\n\t\t\t<input type=\"hidden\" name=\"form_id\" value=\"4aab25ce\"\/>\n\t\t\t<input type=\"hidden\" name=\"referer_title\" value=\"Jednostrani raskid ugovora - Wild Plant Health\" \/>\n\n\t\t\t\t\t\t\t<input type=\"hidden\" name=\"queried_id\" value=\"825\"\/>\n\t\t\t\n\t\t\t<div class=\"elementor-form-fields-wrapper elementor-labels-\">\n\t\t\t\t\t\t\t\t<div class=\"elementor-field-type-text elementor-field-group elementor-column elementor-field-group-name elementor-col-100 elementor-field-required\">\n\t\t\t\t\t\t\t\t\t\t\t\t<label for=\"form-field-name\" class=\"elementor-field-label elementor-screen-only\">\n\t\t\t\t\t\t\t\tImi\u0119 i nazwisko\t\t\t\t\t\t\t<\/label>\n\t\t\t\t\t\t\t\t\t\t\t\t\t\t<input size=\"1\" type=\"text\" name=\"form_fields[name]\" id=\"form-field-name\" class=\"elementor-field elementor-size-sm  elementor-field-textual\" placeholder=\"Imi\u0119 i nazwisko\" required=\"required\">\n\t\t\t\t\t\t\t\t\t\t\t<\/div>\n\t\t\t\t\t\t\t\t<div class=\"elementor-field-type-text elementor-field-group elementor-column elementor-field-group-field_febe5a3 elementor-col-100 elementor-field-required\">\n\t\t\t\t\t\t\t\t\t\t\t\t<label for=\"form-field-field_febe5a3\" class=\"elementor-field-label elementor-screen-only\">\n\t\t\t\t\t\t\t\tAdres\t\t\t\t\t\t\t<\/label>\n\t\t\t\t\t\t\t\t\t\t\t\t\t\t<input size=\"1\" type=\"text\" name=\"form_fields[field_febe5a3]\" id=\"form-field-field_febe5a3\" class=\"elementor-field elementor-size-sm  elementor-field-textual\" placeholder=\"Adres\" required=\"required\">\n\t\t\t\t\t\t\t\t\t\t\t<\/div>\n\t\t\t\t\t\t\t\t<div class=\"elementor-field-type-text elementor-field-group elementor-column elementor-field-group-field_52944ea elementor-col-100 elementor-field-required\">\n\t\t\t\t\t\t\t\t\t\t\t\t<label for=\"form-field-field_52944ea\" class=\"elementor-field-label elementor-screen-only\">\n\t\t\t\t\t\t\t\tMiasto\t\t\t\t\t\t\t<\/label>\n\t\t\t\t\t\t\t\t\t\t\t\t\t\t<input size=\"1\" type=\"text\" name=\"form_fields[field_52944ea]\" id=\"form-field-field_52944ea\" class=\"elementor-field elementor-size-sm  elementor-field-textual\" placeholder=\"Miasto\" required=\"required\">\n\t\t\t\t\t\t\t\t\t\t\t<\/div>\n\t\t\t\t\t\t\t\t<div class=\"elementor-field-type-text elementor-field-group elementor-column elementor-field-group-field_289ff46 elementor-col-100 elementor-field-required\">\n\t\t\t\t\t\t\t\t\t\t\t\t<label for=\"form-field-field_289ff46\" class=\"elementor-field-label elementor-screen-only\">\n\t\t\t\t\t\t\t\tData zakupu\t\t\t\t\t\t\t<\/label>\n\t\t\t\t\t\t\t\t\t\t\t\t\t\t<input size=\"1\" type=\"text\" name=\"form_fields[field_289ff46]\" id=\"form-field-field_289ff46\" class=\"elementor-field elementor-size-sm  elementor-field-textual\" placeholder=\"Data zakupu\" required=\"required\">\n\t\t\t\t\t\t\t\t\t\t\t<\/div>\n\t\t\t\t\t\t\t\t<div class=\"elementor-field-type-text elementor-field-group elementor-column elementor-field-group-field_9c304a9 elementor-col-100 elementor-field-required\">\n\t\t\t\t\t\t\t\t\t\t\t\t<label for=\"form-field-field_9c304a9\" class=\"elementor-field-label elementor-screen-only\">\n\t\t\t\t\t\t\t\tNumer rachunku\t\t\t\t\t\t\t<\/label>\n\t\t\t\t\t\t\t\t\t\t\t\t\t\t<input size=\"1\" type=\"text\" name=\"form_fields[field_9c304a9]\" id=\"form-field-field_9c304a9\" class=\"elementor-field elementor-size-sm  elementor-field-textual\" placeholder=\"Numer rachunku\" required=\"required\">\n\t\t\t\t\t\t\t\t\t\t\t<\/div>\n\t\t\t\t\t\t\t\t<div class=\"elementor-field-type-text elementor-field-group elementor-column elementor-field-group-field_1e6a435 elementor-col-100 elementor-field-required\">\n\t\t\t\t\t\t\t\t\t\t\t\t<label for=\"form-field-field_1e6a435\" class=\"elementor-field-label elementor-screen-only\">\n\t\t\t\t\t\t\t\tBie\u017c\u0105cy Rachunek Zwrot\u00f3w (IBAN)\t\t\t\t\t\t\t<\/label>\n\t\t\t\t\t\t\t\t\t\t\t\t\t\t<input size=\"1\" type=\"text\" name=\"form_fields[field_1e6a435]\" id=\"form-field-field_1e6a435\" class=\"elementor-field elementor-size-sm  elementor-field-textual\" placeholder=\"Bie\u017c\u0105cy Rachunek Zwrot\u00f3w (IBAN)\" required=\"required\">\n\t\t\t\t\t\t\t\t\t\t\t<\/div>\n\t\t\t\t\t\t\t\t<div class=\"elementor-field-type-tel elementor-field-group elementor-column elementor-field-group-field_a15f924 elementor-col-100 elementor-field-required\">\n\t\t\t\t\t\t\t\t\t\t\t\t<label for=\"form-field-field_a15f924\" class=\"elementor-field-label elementor-screen-only\">\n\t\t\t\t\t\t\t\tTelefon\t\t\t\t\t\t\t<\/label>\n\t\t\t\t\t\t\t\t<input size=\"1\" type=\"tel\" name=\"form_fields[field_a15f924]\" id=\"form-field-field_a15f924\" class=\"elementor-field elementor-size-sm  elementor-field-textual\" placeholder=\"Telefon\" required=\"required\" pattern=\"[0-9()#&amp;+*-=.]+\" title=\"Telefonia sono accettati solo numeri e caratteri (#, -, *, ecc.).\">\n\n\t\t\t\t\t\t<\/div>\n\t\t\t\t\t\t\t\t<div class=\"elementor-field-type-email elementor-field-group elementor-column elementor-field-group-email elementor-col-100 elementor-field-required\">\n\t\t\t\t\t\t\t\t\t\t\t\t<label for=\"form-field-email\" class=\"elementor-field-label elementor-screen-only\">\n\t\t\t\t\t\t\t\tE-mail\t\t\t\t\t\t\t<\/label>\n\t\t\t\t\t\t\t\t\t\t\t\t\t\t<input size=\"1\" type=\"email\" name=\"form_fields[email]\" id=\"form-field-email\" class=\"elementor-field elementor-size-sm  elementor-field-textual\" placeholder=\"E-mail\" required=\"required\">\n\t\t\t\t\t\t\t\t\t\t\t<\/div>\n\t\t\t\t\t\t\t\t<div class=\"elementor-field-type-recaptcha_v3 elementor-field-group elementor-column elementor-field-group-field_44ed87f elementor-col-100 recaptcha_v3-bottomright\">\n\t\t\t\t\t<div class=\"elementor-field\" id=\"form-field-field_44ed87f\"><div class=\"elementor-g-recaptcha\" data-sitekey=\"6Lei9IgsAAAAAGmetJY60XOUDXUuZGYA_jjA0afX\" data-type=\"v3\" data-action=\"Form\" data-badge=\"bottomright\" data-size=\"invisible\"><\/div><\/div>\t\t\t\t<\/div>\n\t\t\t\t\t\t\t\t<div class=\"elementor-field-group elementor-column elementor-field-type-submit elementor-col-100 e-form__buttons\">\n\t\t\t\t\t<button class=\"elementor-button elementor-size-sm\" type=\"submit\">\n\t\t\t\t\t\t<span class=\"elementor-button-content-wrapper\">\n\t\t\t\t\t\t\t\t\t\t\t\t\t\t\t\t\t\t\t\t\t\t<span class=\"elementor-button-text\">Prze\u015blij<\/span>\n\t\t\t\t\t\t\t\t\t\t\t\t\t<\/span>\n\t\t\t\t\t<\/button>\n\t\t\t\t<\/div>\n\t\t\t<\/div>\n\t\t<input type=\"hidden\" name=\"etm-form-language\" value=\"pl\"\/><\/form>\n\t\t\t\t\t\t<\/div>\n\t\t\t\t<\/div>\n\t\t\t\t\t<\/div>\n\t\t<\/div>\n\t\t\t\t\t<\/div>\n\t\t<\/section>\n\t\t\t\t<\/div>","protected":false},"excerpt":{"rendered":"","protected":false},"author":5,"featured_media":0,"parent":0,"menu_order":0,"comment_status":"closed","ping_status":"closed","template":"elementor_header_footer","meta":{"footnotes":""},"class_list":["post-825","page","type-page","status-publish","hentry"],"yoast_head":"<!-- This site is optimized with the Yoast SEO plugin v27.3 - https:\/\/yoast.com\/product\/yoast-seo-wordpress\/ -->\n<title>Jednostrani raskid ugovora - Wild Plant Health<\/title>\n<meta name=\"robots\" content=\"index, follow, max-snippet:-1, max-image-preview:large, max-video-preview:-1\" \/>\n<link rel=\"canonical\" href=\"https:\/\/wildplanthealth.com\/pl\/jednostrani-raskid-ugovora\/\" \/>\n<meta property=\"og:locale\" content=\"pl_PL\" \/>\n<meta property=\"og:type\" content=\"article\" \/>\n<meta property=\"og:title\" content=\"Jednostrani raskid ugovora - Wild Plant Health\" \/>\n<meta property=\"og:url\" content=\"https:\/\/wildplanthealth.com\/pl\/jednostrani-raskid-ugovora\/\" \/>\n<meta property=\"og:site_name\" content=\"Wild Plant Health\" \/>\n<meta property=\"article:modified_time\" content=\"2026-03-13T10:34:31+00:00\" \/>\n<meta name=\"twitter:card\" content=\"summary_large_image\" \/>\n<meta name=\"twitter:label1\" content=\"Szacowany czas czytania\" \/>\n\t<meta name=\"twitter:data1\" content=\"1 minute\" \/>\n<script type=\"application\/ld+json\" class=\"yoast-schema-graph\">{\"@context\":\"https:\\\/\\\/schema.org\",\"@graph\":[{\"@type\":\"WebPage\",\"@id\":\"https:\\\/\\\/wildplanthealth.com\\\/jednostrani-raskid-ugovora\\\/\",\"url\":\"https:\\\/\\\/wildplanthealth.com\\\/jednostrani-raskid-ugovora\\\/\",\"name\":\"Jednostrani raskid ugovora - Wild Plant Health\",\"isPartOf\":{\"@id\":\"https:\\\/\\\/wildplanthealth.com\\\/#website\"},\"datePublished\":\"2026-03-12T10:21:55+00:00\",\"dateModified\":\"2026-03-13T10:34:31+00:00\",\"breadcrumb\":{\"@id\":\"https:\\\/\\\/wildplanthealth.com\\\/jednostrani-raskid-ugovora\\\/#breadcrumb\"},\"inLanguage\":\"pl-PL\",\"potentialAction\":[{\"@type\":\"ReadAction\",\"target\":[\"https:\\\/\\\/wildplanthealth.com\\\/jednostrani-raskid-ugovora\\\/\"]}]},{\"@type\":\"BreadcrumbList\",\"@id\":\"https:\\\/\\\/wildplanthealth.com\\\/jednostrani-raskid-ugovora\\\/#breadcrumb\",\"itemListElement\":[{\"@type\":\"ListItem\",\"position\":1,\"name\":\"Po\u010detna stranica\",\"item\":\"https:\\\/\\\/wildplanthealth.com\\\/\"},{\"@type\":\"ListItem\",\"position\":2,\"name\":\"Jednostrani raskid ugovora\"}]},{\"@type\":\"WebSite\",\"@id\":\"https:\\\/\\\/wildplanthealth.com\\\/#website\",\"url\":\"https:\\\/\\\/wildplanthealth.com\\\/\",\"name\":\"Wild Plant Health\",\"description\":\"\",\"publisher\":{\"@id\":\"https:\\\/\\\/wildplanthealth.com\\\/#organization\"},\"potentialAction\":[{\"@type\":\"SearchAction\",\"target\":{\"@type\":\"EntryPoint\",\"urlTemplate\":\"https:\\\/\\\/wildplanthealth.com\\\/?s={search_term_string}\"},\"query-input\":{\"@type\":\"PropertyValueSpecification\",\"valueRequired\":true,\"valueName\":\"search_term_string\"}}],\"inLanguage\":\"pl-PL\"},{\"@type\":\"Organization\",\"@id\":\"https:\\\/\\\/wildplanthealth.com\\\/#organization\",\"name\":\"Wild Plant Health\",\"url\":\"https:\\\/\\\/wildplanthealth.com\\\/\",\"logo\":{\"@type\":\"ImageObject\",\"inLanguage\":\"pl-PL\",\"@id\":\"https:\\\/\\\/wildplanthealth.com\\\/#\\\/schema\\\/logo\\\/image\\\/\",\"url\":\"https:\\\/\\\/wildplanthealth.com\\\/wp-content\\\/uploads\\\/2026\\\/03\\\/logo-1.png\",\"contentUrl\":\"https:\\\/\\\/wildplanthealth.com\\\/wp-content\\\/uploads\\\/2026\\\/03\\\/logo-1.png\",\"width\":1515,\"height\":2001,\"caption\":\"Wild Plant Health\"},\"image\":{\"@id\":\"https:\\\/\\\/wildplanthealth.com\\\/#\\\/schema\\\/logo\\\/image\\\/\"}}]}<\/script>\n<!-- \/ Yoast SEO plugin. -->","yoast_head_json":{"title":"Jednostrani raskid ugovora - Wild Plant Health","robots":{"index":"index","follow":"follow","max-snippet":"max-snippet:-1","max-image-preview":"max-image-preview:large","max-video-preview":"max-video-preview:-1"},"canonical":"https:\/\/wildplanthealth.com\/pl\/jednostrani-raskid-ugovora\/","og_locale":"pl_PL","og_type":"article","og_title":"Jednostrani raskid ugovora - Wild Plant Health","og_url":"https:\/\/wildplanthealth.com\/pl\/jednostrani-raskid-ugovora\/","og_site_name":"Wild Plant Health","article_modified_time":"2026-03-13T10:34:31+00:00","twitter_card":"summary_large_image","twitter_misc":{"Szacowany czas czytania":"1 minute"},"schema":{"@context":"https:\/\/schema.org","@graph":[{"@type":"WebPage","@id":"https:\/\/wildplanthealth.com\/jednostrani-raskid-ugovora\/","url":"https:\/\/wildplanthealth.com\/jednostrani-raskid-ugovora\/","name":"Jednostrani raskid ugovora - Wild Plant Health","isPartOf":{"@id":"https:\/\/wildplanthealth.com\/#website"},"datePublished":"2026-03-12T10:21:55+00:00","dateModified":"2026-03-13T10:34:31+00:00","breadcrumb":{"@id":"https:\/\/wildplanthealth.com\/jednostrani-raskid-ugovora\/#breadcrumb"},"inLanguage":"pl-PL","potentialAction":[{"@type":"ReadAction","target":["https:\/\/wildplanthealth.com\/jednostrani-raskid-ugovora\/"]}]},{"@type":"BreadcrumbList","@id":"https:\/\/wildplanthealth.com\/jednostrani-raskid-ugovora\/#breadcrumb","itemListElement":[{"@type":"ListItem","position":1,"name":"Po\u010detna stranica","item":"https:\/\/wildplanthealth.com\/"},{"@type":"ListItem","position":2,"name":"Jednostrani raskid ugovora"}]},{"@type":"WebSite","@id":"https:\/\/wildplanthealth.com\/#website","url":"https:\/\/wildplanthealth.com\/","name":"Wild Plant Health","description":"","publisher":{"@id":"https:\/\/wildplanthealth.com\/#organization"},"potentialAction":[{"@type":"SearchAction","target":{"@type":"EntryPoint","urlTemplate":"https:\/\/wildplanthealth.com\/?s={search_term_string}"},"query-input":{"@type":"PropertyValueSpecification","valueRequired":true,"valueName":"search_term_string"}}],"inLanguage":"pl-PL"},{"@type":"Organization","@id":"https:\/\/wildplanthealth.com\/#organization","name":"Wild Plant Health","url":"https:\/\/wildplanthealth.com\/","logo":{"@type":"ImageObject","inLanguage":"pl-PL","@id":"https:\/\/wildplanthealth.com\/#\/schema\/logo\/image\/","url":"https:\/\/wildplanthealth.com\/wp-content\/uploads\/2026\/03\/logo-1.png","contentUrl":"https:\/\/wildplanthealth.com\/wp-content\/uploads\/2026\/03\/logo-1.png","width":1515,"height":2001,"caption":"Wild Plant Health"},"image":{"@id":"https:\/\/wildplanthealth.com\/#\/schema\/logo\/image\/"}}]}},"_links":{"self":[{"href":"https:\/\/wildplanthealth.com\/pl\/wp-json\/wp\/v2\/pages\/825","targetHints":{"allow":["GET"]}}],"collection":[{"href":"https:\/\/wildplanthealth.com\/pl\/wp-json\/wp\/v2\/pages"}],"about":[{"href":"https:\/\/wildplanthealth.com\/pl\/wp-json\/wp\/v2\/types\/page"}],"author":[{"embeddable":true,"href":"https:\/\/wildplanthealth.com\/pl\/wp-json\/wp\/v2\/users\/5"}],"replies":[{"embeddable":true,"href":"https:\/\/wildplanthealth.com\/pl\/wp-json\/wp\/v2\/comments?post=825"}],"version-history":[{"count":7,"href":"https:\/\/wildplanthealth.com\/pl\/wp-json\/wp\/v2\/pages\/825\/revisions"}],"predecessor-version":[{"id":890,"href":"https:\/\/wildplanthealth.com\/pl\/wp-json\/wp\/v2\/pages\/825\/revisions\/890"}],"wp:attachment":[{"href":"https:\/\/wildplanthealth.com\/pl\/wp-json\/wp\/v2\/media?parent=825"}],"curies":[{"name":"wp","href":"https:\/\/api.w.org\/{rel}","templated":true}]}}